{"id":29,"date":"2016-11-25T14:56:23","date_gmt":"2016-11-25T14:56:23","guid":{"rendered":"http:\/\/kemanyapimcisi.com\/?page_id=29"},"modified":"2026-03-23T11:41:31","modified_gmt":"2026-03-23T08:41:31","slug":"about","status":"publish","type":"page","link":"https:\/\/kemanyapimcisi.com\/index.php\/about\/","title":{"rendered":"HAKKINDA"},"content":{"rendered":"<p>[vc_row][vc_column][vc_empty_space height=&#8221;&#8221; alter_height=&#8221;small&#8221; hide_on_mobile=&#8221;&#8221;][\/vc_column][\/vc_row][vc_row][vc_column width=&#8221;1\/2&#8243; offset=&#8221;vc_col-md-5&#8243;][vc_empty_space height=&#8221;&#8221; alter_height=&#8221;small&#8221; hide_on_mobile=&#8221;&#8221;][vc_empty_space height=&#8221;&#8221; alter_height=&#8221;small&#8221; hide_on_mobile=&#8221;&#8221;][vc_single_image image=&#8221;1143&#8243; img_size=&#8221;full&#8221;][\/vc_column][vc_column width=&#8221;1\/2&#8243; offset=&#8221;vc_col-md-7&#8243;][vc_empty_space height=&#8221;&#8221; hide_on_mobile=&#8221;&#8221;][vc_empty_space height=&#8221;&#8221; alter_height=&#8221;small&#8221; hide_on_mobile=&#8221;&#8221;][vc_row_inner][vc_column_inner offset=&#8221;vc_col-md-offset-1 vc_col-md-11&#8243;]<div id=\"sc_title_811103071\"\n\t\tclass=\"sc_title sc_title_default\"><h3 class=\"sc_item_title sc_title_title sc_align_default sc_item_title_style_style_h1\">NURGUL \u00c7OMAK<\/h3><div class=\"sc_item_subtitle_container  sc_align_default sc_item_title_style_style_h1\"><h6 class=\"sc_item_subtitle sc_title_subtitle sc_item_title_style_style_h1\">KEMAN YAPIMCISI<\/h6><\/div><div class=\"sc_item_descr sc_title_descr sc_align_default\">M\u00fczi\u011fe olan merak\u0131, kemana olan sevgisi ve ilgisi O\u2019nu k\u00fc\u00e7\u00fck ya\u015f\u0131ndan itibaren, seslerin b\u00fcy\u00fcl\u00fc d\u00fcnyas\u0131na y\u00f6nlendirmi\u015ftir.<\/p>\n<p>MGSM M\u00fczik B\u00f6l\u00fcm\u00fcnden diplomas\u0131n\u0131 ald\u0131ktan sonra e\u011fitim hayat\u0131na devam etme iste\u011fi, onu \u0130stanbul Teknik \u00dcniversitesi, M\u00fczik Teknolojileri, Yayl\u0131 Sazlar Yap\u0131m b\u00f6l\u00fcm\u00fcyle kar\u015f\u0131la\u015ft\u0131rd\u0131.<\/p>\n<p>Her iki okuldan da derece ile mezun olduktan sonra, \u0130talya, Almanya gibi \u00fclkelerde fuarlara kat\u0131ld\u0131. Ve bu \u00fclkelerdeki sayg\u0131n lutiyelerin, deneyimlerini kazand\u0131.<\/p>\n<p>T\u00fcrkiye\u2019de keman yap\u0131m\u0131n\u0131 profesyonel d\u00fczeyde icra eden ilk kad\u0131n keman yap\u0131mc\u0131s\u0131 unvan\u0131na sahip olan Nurgul Comak, enstr\u00fcmanlar\u0131n\u0131 \u0130stanbul Cemal Re\u015fit Rey Konser Salonu\u2019nda 2020 y\u0131l\u0131nda d\u00fczenlenen Uluslararas\u0131 M\u00fczik Fstivalinde sergilemi\u015ftir.<\/p>\n<p>Sanat\u00e7\u0131 kimli\u011fi, kaliteden \u00f6d\u00fcn vermeyen i\u015f\u00e7ili\u011fi ve disiplinli mesleki yakla\u015f\u0131m\u0131yla 1999 y\u0131l\u0131ndan bu yana keman, viyola ve viyolonsel yap\u0131m\u0131 alan\u0131nda \u00e7al\u0131\u015fmalar\u0131n\u0131 s\u00fcrd\u00fcrmektedir. \u00dcretti\u011fi enstr\u00fcmanlar; T\u00fcrkiye\u2019de ve Avrupa\u2019da baz\u0131 solistler, orkestra sanat\u00e7\u0131lar\u0131, konservatuvar b\u00fcnyesindeki \u00f6\u011fretim \u00fcyeleri ve \u00f6\u011frencileri taraf\u0131ndan icra edilmektedir.<\/div><\/div><!-- \/.sc_title -->[vc_empty_space height=&#8221;2.3rem&#8221; alter_height=&#8221;none&#8221; hide_on_mobile=&#8221;&#8221;][\/vc_column_inner][\/vc_row_inner][\/vc_column][\/vc_row][vc_row][vc_column][vc_empty_space height=&#8221;&#8221; alter_height=&#8221;small&#8221; hide_on_mobile=&#8221;&#8221;][vc_empty_space height=&#8221;&#8221; alter_height=&#8221;small&#8221; hide_on_mobile=&#8221;&#8221;][vc_empty_space height=&#8221;&#8221; alter_height=&#8221;small&#8221; hide_on_mobile=&#8221;&#8221;][vc_empty_space height=&#8221;&#8221; alter_height=&#8221;small&#8221; hide_on_mobile=&#8221;&#8221;][vc_empty_space height=&#8221;&#8221; alter_height=&#8221;small&#8221; hide_on_mobile=&#8221;&#8221;][\/vc_column][\/vc_row][vc_row full_width=&#8221;stretch_row_content&#8221; scheme=&#8221;dark&#8221; css=&#8221;.vc_custom_1482321169790{background-image: url(http:\/\/kemanyapimcisi.com\/wp-content\/uploads\/2016\/11\/background-3.jpg?id=267) !important;}&#8221;][vc_column][vc_empty_space height=&#8221;&#8221; alter_height=&#8221;small&#8221; hide_on_mobile=&#8221;&#8221;][vc_empty_space height=&#8221;&#8221; alter_height=&#8221;large&#8221; hide_on_mobile=&#8221;&#8221;]<div class=\"sc_testimonials sc_testimonials_default swiper-slider-container slider_swiper slider_noresize  slider_controls  slider_pagination \" data-slides-min-width=\"150\"\t\t>\n\t\t<h3 class=\"sc_item_title sc_testimonials_title sc_align_center sc_item_title_style_default\">REFERANSLAR<\/h3><div class=\"sc_testimonials_slider sc_item_slider slides swiper-wrapper\"><div class=\"swiper-slide\"><div class=\"sc_testimonials_item\">\n\t<div class=\"sc_testimonials_item_content\"><p>&#8220;I am delighted to recommend Nurgul Comak&#8217;s work. She is a luthier working to the highest standards, and it has been a pleasure for visiting artists I have invited to Istanbul to perform using the fine instruments that she has made.&#8221;<\/p>\n<\/div>\n\t<div class=\"sc_testimonials_item_author\">\n\t\t\t\t\t<div class=\"sc_testimonials_item_author_avatar\"><img width=\"90\" height=\"70\" src=\"https:\/\/kemanyapimcisi.com\/wp-content\/uploads\/2021\/12\/image00111-1-90x70.jpeg\" class=\"attachment-petermason-thumb-tiny size-petermason-thumb-tiny wp-post-image\" alt=\"JAMES ROSE (\u015eef, Londra)\" loading=\"lazy\" \/><\/div>\n\t\t\t\t<div class=\"sc_testimonials_item_author_data\">\n\t\t\t<h4 class=\"sc_testimonials_item_author_title\">JAMES ROSE (\u015eef, Londra)<\/h4>\n\t\t\t<div class=\"sc_testimonials_item_author_subtitle\">Director<\/div>\n\t\t<\/div>\n\t<\/div>\n<\/div>\n<\/div><div class=\"swiper-slide\"><div class=\"sc_testimonials_item\">\n\t<div class=\"sc_testimonials_item_content\"><p>Yetenekli, gen\u00e7, \u00e7alg\u0131lar\u0131na farkl\u0131 yorum ve ruh katan bir Lutiye. \u00dclkemiz i\u00e7in \u00f6nemli bir de\u011fer. \u00c7omak\u2019\u0131n enstr\u00fcmanlar\u0131nda ki g\u00fczel, dengeli t\u0131n\u0131lar\u0131 ve balans ayarlar\u0131, enstr\u00fcmaniste b\u00fcy\u00fck bir konfor sa\u011fl\u0131yor. Onun \u00e7alg\u0131s\u0131n\u0131 kullanan bir icrac\u0131 olarak kendimi \u00e7ok \u015fansl\u0131 g\u00f6r\u00fcyorum.<\/p>\n<\/div>\n\t<div class=\"sc_testimonials_item_author\">\n\t\t\t\t\t<div class=\"sc_testimonials_item_author_avatar\"><img width=\"90\" height=\"70\" src=\"https:\/\/kemanyapimcisi.com\/wp-content\/uploads\/2021\/12\/image00327-90x70.jpeg\" class=\"attachment-petermason-thumb-tiny size-petermason-thumb-tiny wp-post-image\" alt=\"GONCA CEL\u0130KER B\u0130LGET (Kocaeli \u00dcniversitesi Devlet Konservatuar\u0131 Keman E\u011fitmeni)\" loading=\"lazy\" \/><\/div>\n\t\t\t\t<div class=\"sc_testimonials_item_author_data\">\n\t\t\t<h4 class=\"sc_testimonials_item_author_title\">GONCA CEL\u0130KER B\u0130LGET (Kocaeli \u00dcniversitesi Devlet Konservatuar\u0131 Keman E\u011fitmeni)<\/h4>\n\t\t\t<div class=\"sc_testimonials_item_author_subtitle\"><\/div>\n\t\t<\/div>\n\t<\/div>\n<\/div>\n<\/div><div class=\"swiper-slide\"><div class=\"sc_testimonials_item\">\n\t<div class=\"sc_testimonials_item_content\"><p>Hollanda\u2019n\u0131n Lahey \u015fehrinde, 20 y\u0131ld\u0131r idaresini s\u00fcrd\u00fcrd\u00fc\u011f\u00fcm ve ders verdigim keman okulumda, 2016 dan bu yana Nurgul \u00c7omak\u2019 \u0131n kemanlar\u0131n\u0131 kullanmaktay\u0131z. Malzeme kalitesi, estetik ve en \u00f6nemlisi ses kalitesi ve fiyat aral\u0131klar\u0131n\u0131n da olduk\u00e7a uygun oldu\u011funu s\u00f6ylemek isterim.<\/p>\n<\/div>\n\t<div class=\"sc_testimonials_item_author\">\n\t\t\t\t\t<div class=\"sc_testimonials_item_author_avatar\"><img width=\"90\" height=\"70\" src=\"https:\/\/kemanyapimcisi.com\/wp-content\/uploads\/2021\/12\/Serdar-Erkmenis-90x70.jpeg\" class=\"attachment-petermason-thumb-tiny size-petermason-thumb-tiny wp-post-image\" alt=\"SERDAR ERKMEN\u0130S (Solist&#038; Vioolschool-leidschenveen Keman \u00d6\u011fretmeni)\" loading=\"lazy\" \/><\/div>\n\t\t\t\t<div class=\"sc_testimonials_item_author_data\">\n\t\t\t<h4 class=\"sc_testimonials_item_author_title\">SERDAR ERKMEN\u0130S (Solist&#038; Vioolschool-leidschenveen Keman \u00d6\u011fretmeni)<\/h4>\n\t\t\t<div class=\"sc_testimonials_item_author_subtitle\"><\/div>\n\t\t<\/div>\n\t<\/div>\n<\/div>\n<\/div><\/div><div class=\"slider_controls_wrap\"><a class=\"slider_prev swiper-button-prev\" href=\"#\"><\/a><a class=\"slider_next swiper-button-next\" href=\"#\"><\/a><\/div><div class=\"slider_pagination_wrap swiper-pagination\"><\/div><\/div><!-- \/.sc_testimonials -->[vc_empty_space height=&#8221;&#8221; hide_on_mobile=&#8221;&#8221;][vc_empty_space height=&#8221;&#8221; alter_height=&#8221;small&#8221; hide_on_mobile=&#8221;&#8221;][vc_empty_space height=&#8221;&#8221; alter_height=&#8221;medium&#8221; hide_on_mobile=&#8221;&#8221;][\/vc_column][\/vc_row][vc_row][vc_column width=&#8221;5\/6&#8243; offset=&#8221;vc_col-lg-offset-1 vc_col-lg-10 vc_col-md-offset-1 vc_col-md-10 vc_col-sm-offset-1 vc_col-xs-12&#8243;][vc_row_inner][vc_column_inner width=&#8221;1\/2&#8243; offset=&#8221;vc_col-lg-4 vc_col-md-4&#8243;][vc_empty_space height=&#8221;&#8221; alter_height=&#8221;small&#8221; hide_on_mobile=&#8221;&#8221;]<div id=\"sc_icons_1682787642\" \n\tclass=\"sc_icons sc_icons_modern sc_icons_size_medium sc_align_left\"><div class=\"sc_icons_item sc_icons_item_linked\"><div id=\"sc_icons_1682787642_icon-facebook\" class=\"sc_icons_icon sc_icon_type_fontawesome icon-facebook\"\n\t\t\t\t\t\t\t\t\t\t\t\t><span class=\"sc_icon_type_fontawesome icon-facebook\"><\/span><\/div>\t\t\t<div class=\"sc_icons_item_description\">\n\t\t\t<h4 class=\"sc_icons_title\"><span>Find us on Facebook<\/span><\/h4>\t\t\t<\/div><a href=\"https:\/\/www.facebook.com\/cmknrgl\/\" class=\"sc_icons_link\"><\/a><\/div><\/div><!-- \/.sc_icons -->[vc_empty_space height=&#8221;&#8221; alter_height=&#8221;small&#8221; hide_on_mobile=&#8221;&#8221;][\/vc_column_inner][vc_column_inner width=&#8221;1\/2&#8243; offset=&#8221;vc_col-lg-4 vc_col-md-4&#8243;][vc_empty_space height=&#8221;&#8221; alter_height=&#8221;small&#8221; hide_on_mobile=&#8221;&#8221;]<div id=\"sc_icons_699640675\" \n\tclass=\"sc_icons sc_icons_modern sc_icons_size_medium sc_align_left\"><div class=\"sc_icons_item sc_icons_item_linked\"><div id=\"sc_icons_699640675_icon-youtube\" class=\"sc_icons_icon sc_icon_type_fontawesome icon-youtube\"\n\t\t\t\t\t\t\t\t\t\t\t\t><span class=\"sc_icon_type_fontawesome icon-youtube\"><\/span><\/div>\t\t\t<div class=\"sc_icons_item_description\">\n\t\t\t<h4 class=\"sc_icons_title\"><span>Follow Us on Youtube<\/span><\/h4>\t\t\t<\/div><a href=\"https:\/\/www.youtube.com\/@NurgulComak\" class=\"sc_icons_link\"><\/a><\/div><\/div><!-- \/.sc_icons -->[vc_empty_space height=&#8221;&#8221; alter_height=&#8221;small&#8221; hide_on_mobile=&#8221;&#8221;][\/vc_column_inner][vc_column_inner width=&#8221;1\/2&#8243; offset=&#8221;vc_col-lg-4 vc_col-md-4&#8243;][vc_empty_space height=&#8221;&#8221; alter_height=&#8221;small&#8221; hide_on_mobile=&#8221;&#8221;]<div id=\"sc_icons_2121198973\" \n\tclass=\"sc_icons sc_icons_modern sc_icons_size_medium sc_align_left\"><div class=\"sc_icons_item sc_icons_item_linked\"><div id=\"sc_icons_2121198973_icon-instagramm\" class=\"sc_icons_icon sc_icon_type_fontawesome icon-instagramm\"\n\t\t\t\t\t\t\t\t\t\t\t\t><span class=\"sc_icon_type_fontawesome icon-instagramm\"><\/span><\/div>\t\t\t<div class=\"sc_icons_item_description\">\n\t\t\t<h4 class=\"sc_icons_title\"><span>Follow Us on Instagram<\/span><\/h4>\t\t\t<\/div><a href=\"https:\/\/www.instagram.com\/nurgulcomak_violinmaker\/\" class=\"sc_icons_link\"><\/a><\/div><\/div><!-- \/.sc_icons -->[vc_empty_space height=&#8221;&#8221; alter_height=&#8221;small&#8221; hide_on_mobile=&#8221;&#8221;][\/vc_column_inner][\/vc_row_inner][\/vc_column][\/vc_row][vc_row][vc_column][vc_empty_space height=&#8221;0.5rem&#8221; alter_height=&#8221;none&#8221; hide_on_mobile=&#8221;&#8221;][vc_separator color=&#8221;custom&#8221; accent_color=&#8221;#e8d7c2&#8243; css=&#8221;.vc_custom_1482236496442{margin-top: 0px !important;margin-bottom: 0px !important;}&#8221;][\/vc_column][\/vc_row][vc_row][vc_column][vc_empty_space height=&#8221;&#8221; hide_on_mobile=&#8221;&#8221;][vc_empty_space height=&#8221;&#8221; alter_height=&#8221;small&#8221; hide_on_mobile=&#8221;&#8221;][vc_empty_space height=&#8221;&#8221; alter_height=&#8221;medium&#8221; hide_on_mobile=&#8221;&#8221;][\/vc_column][\/vc_row]<\/p>\n","protected":false},"excerpt":{"rendered":"<p>[vc_row][vc_column][vc_empty_space height=&#8221;&#8221; alter_height=&#8221;small&#8221; hide_on_mobile=&#8221;&#8221;][\/vc_column][\/vc_row][vc_row][vc_column width=&#8221;1\/2&#8243; offset=&#8221;vc_col-md-5&#8243;][vc_empty_space height=&#8221;&#8221; alter_height=&#8221;small&#8221; hide_on_mobile=&#8221;&#8221;][vc_empty_space height=&#8221;&#8221; alter_height=&#8221;small&#8221; hide_on_mobile=&#8221;&#8221;][vc_single_image image=&#8221;1143&#8243; img_size=&#8221;full&#8221;][\/vc_column][vc_column width=&#8221;1\/2&#8243; offset=&#8221;vc_col-md-7&#8243;][vc_empty_space height=&#8221;&#8221; hide_on_mobile=&#8221;&#8221;][vc_empty_space height=&#8221;&#8221; alter_height=&#8221;small&#8221; hide_on_mobile=&#8221;&#8221;][vc_row_inner][vc_column_inner offset=&#8221;vc_col-md-offset-1 vc_col-md-11&#8243;][vc_empty_space height=&#8221;2.3rem&#8221; alter_height=&#8221;none&#8221; hide_on_mobile=&#8221;&#8221;][\/vc_column_inner][\/vc_row_inner][\/vc_column][\/vc_row][vc_row][vc_column][vc_empty_space height=&#8221;&#8221; alter_height=&#8221;small&#8221; hide_on_mobile=&#8221;&#8221;][vc_empty_space height=&#8221;&#8221; alter_height=&#8221;small&#8221; hide_on_mobile=&#8221;&#8221;][vc_empty_space height=&#8221;&#8221; alter_height=&#8221;small&#8221; hide_on_mobile=&#8221;&#8221;][vc_empty_space height=&#8221;&#8221; alter_height=&#8221;small&#8221; hide_on_mobile=&#8221;&#8221;][vc_empty_space height=&#8221;&#8221; alter_height=&#8221;small&#8221; hide_on_mobile=&#8221;&#8221;][\/vc_column][\/vc_row][vc_row full_width=&#8221;stretch_row_content&#8221; scheme=&#8221;dark&#8221; css=&#8221;.vc_custom_1482321169790{background-image: url(http:\/\/kemanyapimcisi.com\/wp-content\/uploads\/2016\/11\/background-3.jpg?id=267) !important;}&#8221;][vc_column][vc_empty_space height=&#8221;&#8221; alter_height=&#8221;small&#8221; hide_on_mobile=&#8221;&#8221;][vc_empty_space height=&#8221;&#8221; alter_height=&#8221;large&#8221; hide_on_mobile=&#8221;&#8221;][vc_empty_space height=&#8221;&#8221; hide_on_mobile=&#8221;&#8221;][vc_empty_space height=&#8221;&#8221; alter_height=&#8221;small&#8221; hide_on_mobile=&#8221;&#8221;][vc_empty_space height=&#8221;&#8221; alter_height=&#8221;medium&#8221; hide_on_mobile=&#8221;&#8221;][\/vc_column][\/vc_row][vc_row][vc_column&hellip;<\/p>\n","protected":false},"author":1,"featured_media":0,"parent":0,"menu_order":0,"comment_status":"closed","ping_status":"closed","template":"","meta":{"om_disable_all_campaigns":false,"_monsterinsights_skip_tracking":false,"_monsterinsights_sitenote_active":false,"_monsterinsights_sitenote_note":"","_monsterinsights_sitenote_category":0},"_links":{"self":[{"href":"https:\/\/kemanyapimcisi.com\/index.php\/wp-json\/wp\/v2\/pages\/29"}],"collection":[{"href":"https:\/\/kemanyapimcisi.com\/index.php\/wp-json\/wp\/v2\/pages"}],"about":[{"href":"https:\/\/kemanyapimcisi.com\/index.php\/wp-json\/wp\/v2\/types\/page"}],"author":[{"embeddable":true,"href":"https:\/\/kemanyapimcisi.com\/index.php\/wp-json\/wp\/v2\/users\/1"}],"replies":[{"embeddable":true,"href":"https:\/\/kemanyapimcisi.com\/index.php\/wp-json\/wp\/v2\/comments?post=29"}],"version-history":[{"count":13,"href":"https:\/\/kemanyapimcisi.com\/index.php\/wp-json\/wp\/v2\/pages\/29\/revisions"}],"predecessor-version":[{"id":1686,"href":"https:\/\/kemanyapimcisi.com\/index.php\/wp-json\/wp\/v2\/pages\/29\/revisions\/1686"}],"wp:attachment":[{"href":"https:\/\/kemanyapimcisi.com\/index.php\/wp-json\/wp\/v2\/media?parent=29"}],"curies":[{"name":"wp","href":"https:\/\/api.w.org\/{rel}","templated":true}]}}