{"id":168,"date":"2016-11-29T09:49:02","date_gmt":"2016-11-29T09:49:02","guid":{"rendered":"http:\/\/kemanyapimcisi.com\/?page_id=168"},"modified":"2024-03-14T14:07:12","modified_gmt":"2024-03-14T11:07:12","slug":"cobbles","status":"publish","type":"page","link":"https:\/\/kemanyapimcisi.com\/index.php\/cobbles\/","title":{"rendered":"REFERANSLAR"},"content":{"rendered":"<p>[vc_row][vc_column][vc_separator color=&#8221;black&#8221;][vc_empty_space hide_on_mobile=&#8221;&#8221;][vc_empty_space hide_on_mobile=&#8221;&#8221;][\/vc_column][\/vc_row][vc_row][vc_column width=&#8221;1\/2&#8243;][vc_column_text]<\/p>\n<h5><strong>Alican S\u00fcner (Tonhalle Orchester, zurih)<\/strong><\/h5>\n<p>Nurg\u00fcl&#8217;\u00fc ve \u00e7al\u0131\u015fmalar\u0131n\u0131 2022&#8217;den bu yana hayranl\u0131kla takip ediyordum. Kendisiyle \u0130stanbul\u2019da bizzat tan\u0131\u015f\u0131p kemanlar\u0131ndan baz\u0131lar\u0131n\u0131 denedi\u011fimde, \u00e7al\u0131\u015fmalar\u0131nda g\u00f6sterdi\u011fi \u00f6zveri ve titizli\u011fe \u015fahit oldum. \u00d6yle ki, yapt\u0131\u011f\u0131 bir 1715 Strad kopyas\u0131 keman\u0131n o \u00e7ok tatl\u0131,feminen sesi beni resmen kendine a\u015f\u0131k etti ve onu hemen orada almaya karar verdim.<br \/>\nAyn\u0131 zamanda baslar\u0131 da g\u00fc\u00e7l\u00fc olan bu keman\u0131n sahibi olmaktan gurur duyuyorum ve Guadagnini&#8217;min yan\u0131ndaki geli\u015fimini duymak beni \u00e7ok heyecanland\u0131r\u0131yor.<br \/>\nT\u00fcrkiye\u2019de bir kad\u0131n keman yap\u0131mc\u0131s\u0131 olarak Nurg\u00fcl, i\u015fine g\u00f6sterdi\u011fi sayg\u0131dan \u00f6t\u00fcr\u00fc kesinlikle daha fazla tan\u0131n\u0131rl\u0131\u011f\u0131 hakediyor.[\/vc_column_text][vc_separator color=&#8221;black&#8221;][\/vc_column][vc_column width=&#8221;1\/2&#8243;][vc_single_image image=&#8221;1662&#8243; img_size=&#8221;medium&#8221; alignment=&#8221;right&#8221; style=&#8221;vc_box_border&#8221; css_animation=&#8221;fadeIn&#8221;][\/vc_column][\/vc_row][vc_row][vc_column][vc_separator color=&#8221;black&#8221;][vc_empty_space hide_on_mobile=&#8221;&#8221;][vc_empty_space hide_on_mobile=&#8221;&#8221;][\/vc_column][\/vc_row][vc_row][vc_column width=&#8221;1\/2&#8243;][vc_column_text]<\/p>\n<h5><strong>JAMES ROSSE (\u015eef, Londra)<\/strong><\/h5>\n<p>&#8216;I am delighted to recommend Nurgul Comak&#8217;s work. She is a luthier working to the highest standards, and it has been a pleasure for visiting artists I have invited to Istanbul to perform using the fine instruments that she has made.'[\/vc_column_text][\/vc_column][vc_column width=&#8221;1\/2&#8243;][vc_single_image image=&#8221;1379&#8243; img_size=&#8221;medium&#8221; alignment=&#8221;right&#8221; style=&#8221;vc_box_border&#8221; css_animation=&#8221;fadeIn&#8221;][\/vc_column][\/vc_row][vc_row][vc_column width=&#8221;1\/2&#8243;][vc_column_text]<\/p>\n<h5><strong>GONCA CEL\u0130KER B\u0130LGET<\/strong><\/h5>\n<p>(Solist &amp; Kocaeli \u00dcniversitesi Devlet Konservatuar\u0131 Keman E\u011fitmeni)<\/p>\n<p>Nurg\u00fcl \u00c7omak, yetenekli, gen\u00e7, \u00e7alg\u0131lar\u0131na farkl\u0131 yorum ve ruh katan bir Lutiye. \u00a0\u00dclkemiz i\u00e7in \u00f6nemli bir de\u011fer. Zarif ki\u015fili\u011fini ince zevkiyle harmanlayarak, \u00a0enstr\u00fcmanlar\u0131na katan sanat\u00e7\u0131 bir ki\u015filik&#8230; \u00c7omak\u2019\u0131n enstr\u00fcmanlar\u0131nda ki g\u00fczel, dengeli t\u0131n\u0131lar\u0131 ve balans ayarlar\u0131,enstr\u00fcmaniste b\u00fcy\u00fck bir konfor sa\u011fl\u0131yor. Onun \u00e7alg\u0131s\u0131n\u0131 kullanan bir icrac\u0131 olarak kendimi \u00e7ok \u015fansl\u0131 g\u00f6r\u00fcyorum.<\/p>\n<p>\u0130yi ki vars\u0131n Nurg\u00fcl \u00c7omak[\/vc_column_text][\/vc_column][vc_column width=&#8221;1\/2&#8243;][vc_single_image image=&#8221;1378&#8243; img_size=&#8221;medium&#8221; alignment=&#8221;right&#8221; style=&#8221;vc_box_border&#8221; css_animation=&#8221;fadeIn&#8221;][\/vc_column][\/vc_row][vc_row][vc_column][vc_separator color=&#8221;black&#8221;][vc_empty_space hide_on_mobile=&#8221;&#8221;][\/vc_column][\/vc_row][vc_row][vc_column width=&#8221;1\/2&#8243;][vc_column_text]<\/p>\n<h5><strong>SERDAR ERKMEN\u0130S (Solist&amp; vioolschool-leidschenveen de keman \u00f6\u011fretmeni)<\/strong><\/h5>\n<p>Hollanda\u2019n\u0131n Lahey \u015fehrinde, 20 y\u0131ld\u0131r idaresini s\u00fcrd\u00fcrd\u00fc\u011f\u00fcm ve ders verdigim keman okulumda, 2016 dan bu yana Nurgul \u00c7omak\u2019 \u0131n kemanlar\u0131n\u0131 kullanmaktay\u0131z. Malzeme kalitesi, estetik ve en \u00f6nemlisi ses kalitesi ve fiyat aral\u0131klar\u0131n\u0131n da olduk\u00e7a uygun oldu\u011funu s\u00f6ylemek isterim. Kemanlar\u0131n\u0131z\u0131 sat\u0131n almadan \u00f6nce, Nurgul Han\u0131m\u2019\u0131n enstr\u00fcmanlar\u0131n\u0131 denemenizi tavsiye ederim.[\/vc_column_text][\/vc_column][vc_column width=&#8221;1\/2&#8243;][vc_single_image image=&#8221;1432&#8243; img_size=&#8221;medium&#8221; alignment=&#8221;right&#8221; style=&#8221;vc_box_border&#8221; css_animation=&#8221;fadeIn&#8221;][\/vc_column][\/vc_row][vc_row][vc_column][vc_separator color=&#8221;black&#8221;][vc_empty_space hide_on_mobile=&#8221;&#8221;][\/vc_column][\/vc_row][vc_row][vc_column width=&#8221;1\/2&#8243;][vc_column_text]<\/p>\n<h5><strong>RUSEN GUNES (Londra Filarmoni Orkestras\u0131 Viyola Sanat\u00e7\u0131s\u0131 &amp; solist)<\/strong><\/h5>\n<p>Nurg\u00fcl\u2019\u00fcn benim i\u00e7in yapt\u0131\u011f\u0131 viyola ile \u00e7al\u0131yorum -Guarneri kopya- Saz\u0131n g\u00f6r\u00fcn\u00fc\u015f ve rahatl\u0131\u011f\u0131, sesi, gitgide bana yakla\u015fmas\u0131, beni sevmesi- tabii belki nedeni en son kulland\u0131\u011f\u0131m parf\u00fcm de olabilir- \ud83d\ude42 Benim ona g\u00fcvenmem, \u00e7ok zor gelen pasajlar\u0131n daha dost\u00e7a elime d\u00fc\u015fmesi g\u00fczel- beraber olmay\u0131 seviyoruz- ve yap\u0131c\u0131 ile de aram\u0131zda hep iyi bir dostluk oldu\u011fundan mutlu bir hikaye- i\u00e7ine yaz\u0131lm\u0131\u015f \u201cRusen Gunes e yap\u0131ld\u0131\u201d diye- benden \u00f6nce kimse olmam\u0131\u015f hani, benim inanmad\u0131\u011f\u0131m, bizim k\u00fclt\u00fcrde biraz \u00f6yledir ya!<\/p>\n<p>Te\u015fekk\u00fcrler Nurgul Comak[\/vc_column_text][\/vc_column][vc_column width=&#8221;1\/2&#8243;][vc_single_image image=&#8221;1381&#8243; img_size=&#8221;medium&#8221; alignment=&#8221;right&#8221; style=&#8221;vc_box_border&#8221; css_animation=&#8221;fadeIn&#8221;][\/vc_column][\/vc_row][vc_row][vc_column][vc_separator color=&#8221;black&#8221;][vc_empty_space hide_on_mobile=&#8221;&#8221;][\/vc_column][\/vc_row][vc_row][vc_column width=&#8221;1\/2&#8243;][vc_column_text]<\/p>\n<h5><strong>LEYLA BERK (\u0130stanbul Devlet Senfoni Orkestras\u0131 Keman Sanat\u00e7\u0131s\u0131)<\/strong><\/h5>\n<p>Bir telefon Ru\u015fen abiden;\u201dNurg\u00fcl\u2019e \u0131smarlad\u0131\u011f\u0131m viyolami almaya gidiyorum benimle gelir misin?\u201d\u00a0 Beraber gittik k\u00fc\u00e7\u00fck sevimli at\u00f6lyesine, p\u0131r\u0131l p\u0131r\u0131l g\u00f6zleri parlayan harika bir gen\u00e7 kad\u0131n. Heyecan i\u00e7inde yapt\u0131\u011f\u0131 saz\u0131 verdi Ru\u015fen abinin eline, yumu\u015fac\u0131k g\u00fczel bir saz. Ru\u015fen \u00e7ald\u0131, \u00e7ald\u0131 ve \u2018\u00e7ok g\u00fczel olmu\u015f yaa\u2019 dedi. Daha sonra dost olduk Nurg\u00fcl ile, saz\u0131m\u0131 onun eline bir \u00e7ok kereler b\u0131rakt\u0131m. \u00c7ok titiz, ara\u015ft\u0131rmac\u0131, m\u00fctevaz\u0131, i\u015fine tutkun ve g\u00fcven verici bir insan ve lutiye kendisi.. Sevgili Nurg\u00fcl, yolun a\u00e7\u0131k olsun ..[\/vc_column_text][\/vc_column][vc_column width=&#8221;1\/2&#8243;][vc_single_image image=&#8221;1433&#8243; img_size=&#8221;medium&#8221; alignment=&#8221;right&#8221; style=&#8221;vc_box_border&#8221; css_animation=&#8221;fadeIn&#8221;][\/vc_column][\/vc_row][vc_row][vc_column][vc_separator color=&#8221;black&#8221;][vc_empty_space hide_on_mobile=&#8221;&#8221;][\/vc_column][\/vc_row][vc_row][vc_column width=&#8221;1\/2&#8243;][vc_column_text]<\/p>\n<h5><strong>ERMAN TURK\u0130L\u0130(Solist &amp; B.\u00dc.M\u00fczik b\u00f6l\u00fcm ba\u015fkan\u0131 &amp; Bilim-Sanat kurucusu)<\/strong><\/h5>\n<p>De\u011ferli Nurg\u00fcl ile tesad\u00fcfen ba\u015flayan ve harika \u00e7al\u0131\u015fmalar ile devam eden bir dostlu\u011fumuz var.<\/p>\n<p>Bir enstr\u00fcman sanat\u00e7\u0131s\u0131n\u0131n en \u00f6nemli arkada\u015f\u0131 ve en \u00e7ok zaman ge\u00e7irdi\u011fi yer, enstr\u00fcman\u0131n\u0131n sesinin rengini de\u011fi\u015ftirilebilecek yer olan l\u00fctiye mekanlar\u0131d\u0131r.Nurg\u00fcl ile b\u00f6yle bir ili\u015fkim oldu\u011fu i\u00e7in \u00e7ok \u015fansl\u0131y\u0131m.<\/p>\n<p>Onun profesyonelli\u011fi, etik ve do\u011frular\u0131 \u0131srar eden tavr\u0131, son derece g\u00fcven vermektedir her sanat\u00e7\u0131ya..<\/p>\n<p>..[\/vc_column_text][\/vc_column][vc_column width=&#8221;1\/2&#8243;][vc_single_image image=&#8221;1300&#8243; img_size=&#8221;medium&#8221; alignment=&#8221;right&#8221; style=&#8221;vc_box_border&#8221; css_animation=&#8221;fadeIn&#8221;][\/vc_column][\/vc_row][vc_row][vc_column][vc_separator color=&#8221;black&#8221;][vc_empty_space hide_on_mobile=&#8221;&#8221;][\/vc_column][\/vc_row][vc_row][vc_column width=&#8221;1\/2&#8243;][vc_column_text]<\/p>\n<h5><strong>OZAN HANER (Dokuz Eyl\u00fcl \u00dcniversitesi Keman E\u011fitmeni)<\/strong><\/h5>\n<p>Usta elleri ve ancak bir kad\u0131n bak\u0131\u015f a\u00e7\u0131s\u0131, ana\u00e7l\u0131\u011f\u0131 ve kalp g\u00f6z\u00fc titizli\u011fiyle yapt\u0131\u011f\u0131 keman\u0131m\u0131 seviyorum.\u00a0 Uzmanl\u0131\u011f\u0131n ve \u00fcretti\u011fin \u00e7alg\u0131larla ilgili bir telefon kadar yak\u0131n oldu\u011fun i\u00e7in te\u015fekk\u00fcr ediyorum sana keman\u0131m\u0131n annesi\u2026<\/p>\n<p>&nbsp;<\/p>\n<p>..[\/vc_column_text][\/vc_column][vc_column width=&#8221;1\/2&#8243;][vc_single_image image=&#8221;1382&#8243; img_size=&#8221;medium&#8221; alignment=&#8221;right&#8221; style=&#8221;vc_box_border&#8221; css_animation=&#8221;fadeIn&#8221;][\/vc_column][\/vc_row][vc_row][vc_column][vc_separator color=&#8221;black&#8221;][vc_empty_space hide_on_mobile=&#8221;&#8221;][\/vc_column][\/vc_row][vc_row][vc_column width=&#8221;1\/2&#8243;][vc_column_text]<\/p>\n<h5><strong>G\u00dcLFEM G\u00dcLER (Solist)<\/strong><\/h5>\n<p>&#8220;Yeni kemandan g\u00fczel ses \u00e7\u0131kmaz ki&#8221; ba\u015fl\u0131kl\u0131 \u00f6nyarg\u0131m\u0131 geride b\u0131rakt\u0131ran, g\u00fczel keman\u0131m\u0131n g\u00fczel annesi. &#8220;Ben enstr\u00fcman\u0131m\u0131n her daim arkas\u0131nday\u0131m&#8221; derken, yaln\u0131zca enstr\u00fcman\u0131n\u0131n de\u011fil, b\u00fcy\u00fck bir ustal\u0131k ve incelikle d\u00fcnyaya getirmi\u015f oldu\u011fun \u00e7alg\u0131y\u0131,ellerine teslim etti\u011fi m\u00fczisyenin de her daim arkas\u0131nda oldu\u011funu hissettirdi\u011fin i\u00e7in \u00e7ok te\u015fekk\u00fcr ederim.<\/p>\n<p>\u0130yi ki vars\u0131n Nurgul Comak[\/vc_column_text][\/vc_column][vc_column width=&#8221;1\/2&#8243;][vc_single_image image=&#8221;1383&#8243; img_size=&#8221;medium&#8221; alignment=&#8221;right&#8221; style=&#8221;vc_box_border&#8221; css_animation=&#8221;fadeIn&#8221;][\/vc_column][\/vc_row][vc_row][vc_column][vc_separator color=&#8221;black&#8221;][vc_empty_space hide_on_mobile=&#8221;&#8221;][\/vc_column][\/vc_row][vc_row][vc_column width=&#8221;1\/2&#8243;][vc_column_text]<\/p>\n<h5><strong>MET\u0130N BATUR (Keman e\u011fitmeni &amp; solist)<\/strong><\/h5>\n<p>D\u00fcnya standartlar\u0131nda keman, viyola ve viyolonseller ile yeni bir umut kayna\u011f\u0131 Nurg\u00fcl \u00c7omak. Gerek yapt\u0131\u011f\u0131 enstr\u00fcmanlarla gerekse restorasyonlar\u0131yla, hem bana hemde y\u00fczlerce \u00f6\u011frencime \u00e7ok yararl\u0131 olmu\u015ftur&#8230;<\/p>\n<p>Te\u015fekk\u00fcrler Nurg\u00fcl \u00c7omak[\/vc_column_text][\/vc_column][vc_column width=&#8221;1\/2&#8243;][vc_single_image image=&#8221;1308&#8243; img_size=&#8221;medium&#8221; alignment=&#8221;right&#8221; style=&#8221;vc_box_border&#8221; css_animation=&#8221;fadeIn&#8221;][\/vc_column][\/vc_row][vc_row][vc_column][vc_separator color=&#8221;black&#8221;][vc_empty_space hide_on_mobile=&#8221;&#8221;][\/vc_column][\/vc_row][vc_row][vc_column width=&#8221;1\/2&#8243;][vc_column_text]<\/p>\n<h5><strong>MESUT ERCAN (\u0130n\u00f6n\u00fc \u00dcniversitesi Viola \u00d6\u011fretmeni &amp; Solist)<\/strong><\/h5>\n<p>2016 y\u0131l\u0131nda hayalimdeki bu muhte\u015fem viyolay\u0131 bana kazand\u0131ran Nurg\u00fcl \u00c7omak\u2019a ne kadar te\u015fekk\u00fcr etsem azd\u0131r. Enstr\u00fcman ile\u00a0 ilgili isteklerimi hemen \u00e7\u00f6z\u00fcme ula\u015ft\u0131ran, her t\u00fcrl\u00fc konuda sab\u0131rla dinleyen ve i\u00e7imi rahatlatan bir Lutiyedir.. Kendisine ne kadar te\u015fekk\u00fcr etsem azd\u0131r.. \u0130yiki vars\u0131n Nurg\u00fcl \u00c7omak&#8230;[\/vc_column_text][\/vc_column][vc_column width=&#8221;1\/2&#8243;][vc_single_image image=&#8221;1434&#8243; img_size=&#8221;medium&#8221; alignment=&#8221;right&#8221; style=&#8221;vc_box_border&#8221; css_animation=&#8221;fadeIn&#8221;][\/vc_column][\/vc_row]<\/p>\n","protected":false},"excerpt":{"rendered":"<p>[vc_row][vc_column][vc_separator color=&#8221;black&#8221;][vc_empty_space hide_on_mobile=&#8221;&#8221;][vc_empty_space hide_on_mobile=&#8221;&#8221;][\/vc_column][\/vc_row][vc_row][vc_column width=&#8221;1\/2&#8243;][vc_column_text] Alican S\u00fcner (Tonhalle Orchester, zurih) Nurg\u00fcl&#8217;\u00fc ve \u00e7al\u0131\u015fmalar\u0131n\u0131 2022&#8217;den bu yana hayranl\u0131kla takip ediyordum. Kendisiyle \u0130stanbul\u2019da bizzat tan\u0131\u015f\u0131p kemanlar\u0131ndan baz\u0131lar\u0131n\u0131 denedi\u011fimde, \u00e7al\u0131\u015fmalar\u0131nda g\u00f6sterdi\u011fi \u00f6zveri ve titizli\u011fe \u015fahit oldum. \u00d6yle ki, yapt\u0131\u011f\u0131 bir 1715 Strad kopyas\u0131 keman\u0131n o \u00e7ok tatl\u0131,feminen sesi beni resmen kendine a\u015f\u0131k etti ve onu hemen orada almaya karar verdim. Ayn\u0131 zamanda baslar\u0131&hellip;<\/p>\n","protected":false},"author":1,"featured_media":0,"parent":0,"menu_order":0,"comment_status":"closed","ping_status":"closed","template":"","meta":{"om_disable_all_campaigns":false,"_monsterinsights_skip_tracking":false,"_monsterinsights_sitenote_active":false,"_monsterinsights_sitenote_note":"","_monsterinsights_sitenote_category":0},"_links":{"self":[{"href":"https:\/\/kemanyapimcisi.com\/index.php\/wp-json\/wp\/v2\/pages\/168"}],"collection":[{"href":"https:\/\/kemanyapimcisi.com\/index.php\/wp-json\/wp\/v2\/pages"}],"about":[{"href":"https:\/\/kemanyapimcisi.com\/index.php\/wp-json\/wp\/v2\/types\/page"}],"author":[{"embeddable":true,"href":"https:\/\/kemanyapimcisi.com\/index.php\/wp-json\/wp\/v2\/users\/1"}],"replies":[{"embeddable":true,"href":"https:\/\/kemanyapimcisi.com\/index.php\/wp-json\/wp\/v2\/comments?post=168"}],"version-history":[{"count":31,"href":"https:\/\/kemanyapimcisi.com\/index.php\/wp-json\/wp\/v2\/pages\/168\/revisions"}],"predecessor-version":[{"id":1663,"href":"https:\/\/kemanyapimcisi.com\/index.php\/wp-json\/wp\/v2\/pages\/168\/revisions\/1663"}],"wp:attachment":[{"href":"https:\/\/kemanyapimcisi.com\/index.php\/wp-json\/wp\/v2\/media?parent=168"}],"curies":[{"name":"wp","href":"https:\/\/api.w.org\/{rel}","templated":true}]}}