{"id":1554,"date":"2021-12-16T12:44:17","date_gmt":"2021-12-16T09:44:17","guid":{"rendered":"http:\/\/kemanyapimcisi.com\/?page_id=1554"},"modified":"2024-03-14T14:18:37","modified_gmt":"2024-03-14T11:18:37","slug":"referencias","status":"publish","type":"page","link":"https:\/\/kemanyapimcisi.com\/index.php\/es\/referencias\/","title":{"rendered":"Referencias"},"content":{"rendered":"<p>[vc_row][vc_column][vc_column_text]<!-- \/wp:shortcode --><!-- wp:paragraph -->[\/vc_column_text][\/vc_column][\/vc_row][vc_row][vc_column][vc_separator color=&#8221;black&#8221;][vc_empty_space hide_on_mobile=&#8221;&#8221;][vc_empty_space hide_on_mobile=&#8221;&#8221;][\/vc_column][\/vc_row][vc_row][vc_column][vc_column_text]<!-- \/wp:paragraph --><!-- wp:shortcode -->[\/vc_column_text][\/vc_column][\/vc_row][vc_row][vc_column width=&#8221;1\/2&#8243;][vc_column_text]<\/p>\n<p><strong>JAMES ROSSE (El Maestro, Londres)<\/strong><\/p>\n<p class=\"Normal1\">\u201cMe complace recomendar el trabajo de Nurgul Comak. Ella es una luthier que trabaja con los m\u00e1s altos est\u00e1ndares, y ha sido un placer para los artistas visitantes que he invitado a Estambul para tocar con los finos instrumentos que ha hecho &#8221;.<\/p>\n<p class=\"Normal1\">Gracias Nurgul<\/p>\n<p>[\/vc_column_text][\/vc_column][vc_column width=&#8221;1\/2&#8243;][vc_single_image image=&#8221;1379&#8243; img_size=&#8221;medium&#8221; alignment=&#8221;right&#8221; style=&#8221;vc_box_border&#8221; css_animation=&#8221;fadeIn&#8221;][\/vc_column][\/vc_row][vc_row][vc_column][vc_column_text]<\/p>\n<p class=\"Normal1\"><!-- \/wp:shortcode --><\/p>\n<p><!-- wp:paragraph -->[\/vc_column_text][\/vc_column][\/vc_row][vc_row][vc_column width=&#8221;1\/2&#8243;][vc_column_text]<\/p>\n<h5><strong>GONCA CEL\u0130KER B\u0130LGET(Solista e Instructor de viol\u00edn del Conservatorio Estatal de la Universidad Kocaeli)<\/strong><\/h5>\n<p class=\"Normal1\">Nurg\u00fcl \u00c7omak es una joven y talentosa Lutiye que a\u00f1ade una interpretaci\u00f3n y un esp\u00edritu diferente a sus instrumentos.Ella es un valor importante para nuestro pa\u00eds. Una personalidad de artista que fusiona su elegante personalidad con su fino gusto y lo a\u00f1ade a sus instrumentos &#8230;Los hermosos y equilibrados timbres y los ajustes de equilibrio de los instrumentos de \u00c7omak brindan una gran comodidad al instrumentista. C\u00f3mo una int\u00e9rprete que usa su instrumento, me considero muy afortunada<\/p>\n<p class=\"Normal1\">Buena suerte Nurg\u00fcl \u00c7omak<\/p>\n<p>[\/vc_column_text][\/vc_column][vc_column width=&#8221;1\/2&#8243;][vc_single_image image=&#8221;1378&#8243; img_size=&#8221;medium&#8221; alignment=&#8221;right&#8221; style=&#8221;vc_box_border&#8221; css_animation=&#8221;fadeIn&#8221;][\/vc_column][\/vc_row][vc_row][vc_column][vc_separator color=&#8221;black&#8221;][vc_empty_space hide_on_mobile=&#8221;&#8221;][\/vc_column][\/vc_row][vc_row][vc_column][vc_column_text]<\/p>\n<p class=\"Normal1\"><!-- \/wp:paragraph --><\/p>\n<p><!-- wp:shortcode -->[\/vc_column_text][\/vc_column][\/vc_row][vc_row][vc_column width=&#8221;1\/2&#8243;][vc_column_text]<strong>Serdar ERKEMENIS (Holanda \/ Solista y profesor de viol\u00edn en vioolschool-leidschenveen)<\/strong><\/p>\n<p class=\"Normal1\">Utilizo los violines de Nurgul Comak desde 2016 en mi escuela de viol\u00edn en La Haya, Pa\u00edses Bajos, donde llevo 20 a\u00f1os dirigiendo mi escuela y ense\u00f1ando. Me gustar\u00eda decir que la calidad del material, la est\u00e9tica y lo m\u00e1s importante, la calidad del sonido y los rangos de precios son bastante asequibles. Antes de comprar sus violines, le recomiendo que pruebe los instrumentos de la Sra. Comak.<\/p>\n<p>[\/vc_column_text][\/vc_column][vc_column width=&#8221;1\/2&#8243;][vc_single_image image=&#8221;1432&#8243; img_size=&#8221;medium&#8221; alignment=&#8221;right&#8221; style=&#8221;vc_box_border&#8221; css_animation=&#8221;fadeIn&#8221;][\/vc_column][\/vc_row][vc_row][vc_column][vc_column_text]<\/p>\n<p class=\"Normal1\"><!-- \/wp:shortcode --><\/p>\n<p><!-- wp:paragraph -->[\/vc_column_text][\/vc_column][\/vc_row][vc_row][vc_column][vc_separator color=&#8221;black&#8221;][vc_empty_space hide_on_mobile=&#8221;&#8221;][\/vc_column][\/vc_row][vc_row][vc_column][vc_column_text]<\/p>\n<p class=\"Normal1\"><!-- \/wp:paragraph --><\/p>\n<p><!-- wp:shortcode -->[\/vc_column_text][\/vc_column][\/vc_row][vc_row][vc_column width=&#8221;1\/2&#8243;][vc_column_text]<\/p>\n<h5><strong>RUSEN GUNES (Artista de viola y solista de la Orquesta Filarm\u00f3nica de Londres)<\/strong><\/h5>\n<p>Toco con el viol\u00edn que me hizo Nurgul &#8211; copia de Guarneri- el aspecto y la comodidad del Instrumento, su sonido, la acerca cada vez m\u00e1s ami -claro tal vez sea el \u00faltimo perfume que us\u00e9 \u00a0Es lindo tener confianza de que los pasajes m\u00e1s dif\u00edciles que caen en mis manos lo sean de una manera amigable. Nos gusta estar juntos, y como siempre hubo una buena amistad entre el creador y yo, se escribe una historia feliz. \u201c Fue producido para Rusen Gin\u00e9s\u201d lo que significa que no hubo nadie que lo usara antes que yo. Lo que no creo que en nuestra cultura sea siempre as\u00ed!<\/p>\n<p>Gracias Nurgul Comak[\/vc_column_text][\/vc_column][vc_column width=&#8221;1\/2&#8243;][vc_single_image image=&#8221;1381&#8243; img_size=&#8221;medium&#8221; alignment=&#8221;right&#8221; style=&#8221;vc_box_border&#8221; css_animation=&#8221;fadeIn&#8221;][\/vc_column][\/vc_row][vc_row][vc_column][vc_column_text]<\/p>\n<p class=\"Normal1\"><!-- \/wp:shortcode --><\/p>\n<p><!-- wp:paragraph -->[\/vc_column_text][\/vc_column][\/vc_row][vc_row][vc_column][vc_separator color=&#8221;black&#8221;][vc_empty_space hide_on_mobile=&#8221;&#8221;][\/vc_column][\/vc_row][vc_row][vc_column][vc_column_text]<\/p>\n<p class=\"Normal1\"><!-- \/wp:paragraph --><\/p>\n<p><!-- wp:shortcode -->[\/vc_column_text][\/vc_column][\/vc_row][vc_row][vc_column width=&#8221;1\/2&#8243;][vc_column_text]<\/p>\n<h5><strong>LEYLA BERK (violinista de la Orquesta Sinf\u00f3nica del Estado de Estambul)<\/strong><\/h5>\n<p class=\"Normal1\">Una llamada telef\u00f3nica de Rusen : \u201c Voy a comprar la viola que le ped\u00ed a Nurgul, me acompa\u00f1as? \u201c Fuimos juntos a su peque\u00f1o y lindo taller , una maravillosa joven de ojos brillantes. Ella entreg\u00f3 el instrumento que hab\u00eda hecho con entusiasmo en la mano de Ru\u015fen, un instrumento suave y hermoso. Ru\u015fen toc\u00f3 el instrumento repetidamente y dijo: &#8220;Fue muy agradable&#8221;.<\/p>\n<p class=\"Normal1\">M\u00e1s tarde, nos hicimos amigos de Nurg\u00fcl y muchas veces dej\u00e9 mi instrumento en sus manos. Es una persona muy meticulosa, investigadora, modesta, apasionada, tranquilizadora y luthier ella misma.<\/p>\n<p class=\"Normal1\">Querido Nurg\u00fcl, que tu camino sea bueno.<\/p>\n<p>[\/vc_column_text][\/vc_column][vc_column width=&#8221;1\/2&#8243;][vc_single_image image=&#8221;1433&#8243; img_size=&#8221;medium&#8221; alignment=&#8221;right&#8221; style=&#8221;vc_box_border&#8221; css_animation=&#8221;fadeIn&#8221;][\/vc_column][\/vc_row][vc_row][vc_column][vc_column_text]<\/p>\n<p class=\"Normal1\"><!-- \/wp:shortcode --><\/p>\n<p><!-- wp:paragraph -->[\/vc_column_text][\/vc_column][\/vc_row][vc_row][vc_column][vc_separator color=&#8221;black&#8221;][vc_empty_space hide_on_mobile=&#8221;&#8221;][\/vc_column][\/vc_row][vc_row][vc_column][vc_column_text]<\/p>\n<p class=\"Normal1\"><!-- \/wp:paragraph --><\/p>\n<p><!-- wp:shortcode -->[\/vc_column_text][\/vc_column][\/vc_row][vc_row][vc_column width=&#8221;1\/2&#8243;][vc_column_text]<\/p>\n<h5><strong>ERMAN TURKILI (Solista y Jefe del Departamento de M\u00fasica de B.\u00dc. y Fundador de Ciencia-Arte)<\/strong><\/h5>\n<p class=\"Normal1\">Tenemos una amistad que empez\u00f3 por casualidad con la preciosa Nurg\u00fcl y contin\u00faa con obras maravillosas. El amigo m\u00e1s importante de un artista de instrumentos y el lugar donde m\u00e1s tiempo pasa son los lugares del luthier, donde se puede cambiar el color del sonido de su instrumento. Tengo mucha suerte de tener una relaci\u00f3n as\u00ed con Nurg\u00fcl. Su profesionalismo, insistencia en la \u00e9tica y la verdad, le da a cada artista mucha confianza.<\/p>\n<p>[\/vc_column_text][\/vc_column][vc_column width=&#8221;1\/2&#8243;][vc_single_image image=&#8221;1300&#8243; img_size=&#8221;medium&#8221; alignment=&#8221;right&#8221; style=&#8221;vc_box_border&#8221; css_animation=&#8221;fadeIn&#8221;][\/vc_column][\/vc_row][vc_row][vc_column][vc_column_text]<\/p>\n<p class=\"Normal1\"><!-- \/wp:shortcode --><\/p>\n<p><!-- wp:paragraph -->[\/vc_column_text][\/vc_column][\/vc_row][vc_row][vc_column][vc_separator color=&#8221;black&#8221;][vc_empty_space hide_on_mobile=&#8221;&#8221;][\/vc_column][\/vc_row][vc_row][vc_column][vc_column_text]<\/p>\n<p class=\"Normal1\"><!-- \/wp:paragraph --><\/p>\n<p><!-- wp:shortcode -->[\/vc_column_text][\/vc_column][\/vc_row][vc_row][vc_column width=&#8221;1\/2&#8243;][vc_column_text]<\/p>\n<h5><strong>OZAN HANER (Instructor de viol\u00edn de la Universidad Dokuz Eyl\u00fcl)<\/strong><\/h5>\n<p class=\"Normal1\">Amo mi viol\u00edn, que Ella hizo con manos magistrales y solo un punto de Vista femenino, maternidad y meticulosidad de coraz\u00f3n. Gracias, madre de mi viol\u00edn, por estar tan cerca como una llamada telef\u00f3nica sobre tu experiencia y los instrumentos que produciste.<\/p>\n<p>[\/vc_column_text][\/vc_column][vc_column width=&#8221;1\/2&#8243;][vc_single_image image=&#8221;1382&#8243; img_size=&#8221;medium&#8221; alignment=&#8221;right&#8221; style=&#8221;vc_box_border&#8221; css_animation=&#8221;fadeIn&#8221;][\/vc_column][\/vc_row][vc_row][vc_column][vc_column_text]<\/p>\n<p class=\"Normal1\"><!-- \/wp:shortcode --><\/p>\n<p><!-- wp:paragraph -->[\/vc_column_text][\/vc_column][\/vc_row][vc_row][vc_column][vc_separator color=&#8221;black&#8221;][vc_empty_space hide_on_mobile=&#8221;&#8221;][\/vc_column][\/vc_row][vc_row][vc_column][vc_column_text]<\/p>\n<p class=\"Normal1\"><!-- \/wp:paragraph --><\/p>\n<p><!-- wp:shortcode -->[\/vc_column_text][\/vc_column][\/vc_row][vc_row][vc_column width=&#8221;1\/2&#8243;][vc_column_text]<strong>G\u00dcLFEM G\u00dcLER (Solista)<\/strong><\/p>\n<p class=\"Normal1\">La hermosa madre de mi hermoso viol\u00edn, que super\u00f3 mi prejuicio titulado &#8220;Un viol\u00edn nuevo no suena bien&#8221;. Cuando dices &#8220;Siempre estoy detr\u00e1s de mi instrumento&#8221;, me gustar\u00eda agradecerte por hacernos sentir que siempre est\u00e1s detr\u00e1s no solo de tu instrumento, sino tambi\u00e9n del instrumento que has tra\u00eddo al mundo con gran maestr\u00eda y delicadeza, y el m\u00fasico que has entregado en sus manos.<\/p>\n<p class=\"Normal1\">Buena suerte Nurgul Comak<\/p>\n<p>[\/vc_column_text][\/vc_column][vc_column width=&#8221;1\/2&#8243;][vc_single_image image=&#8221;1383&#8243; img_size=&#8221;medium&#8221; alignment=&#8221;right&#8221; style=&#8221;vc_box_border&#8221; css_animation=&#8221;fadeIn&#8221;][\/vc_column][\/vc_row][vc_row][vc_column][vc_column_text]<\/p>\n<p class=\"Normal1\"><!-- \/wp:shortcode --><\/p>\n<p><!-- wp:paragraph -->[\/vc_column_text][\/vc_column][\/vc_row][vc_row][vc_column][vc_separator color=&#8221;black&#8221;][vc_empty_space hide_on_mobile=&#8221;&#8221;][\/vc_column][\/vc_row][vc_row][vc_column][vc_column_text]<\/p>\n<p class=\"Normal1\"><!-- \/wp:paragraph --><\/p>\n<p><!-- wp:shortcode -->[\/vc_column_text][\/vc_column][\/vc_row][vc_row][vc_column width=&#8221;1\/2&#8243;][vc_column_text]<\/p>\n<h5><strong>MET\u0130N BATUR (Instructor de viol\u00edn y solista)<\/strong><\/h5>\n<p class=\"Normal1\">Nurg\u00fcl \u00c7omak es una nueva fuente de esperanza con violines, violas y violonchelos de talla mundial. Ha sido muy \u00fatil tanto para m\u00ed como para cientos de mis alumnos, tanto con los instrumentos que hizo como con sus restauraciones &#8230;<\/p>\n<p class=\"Normal1\">Gracias Nurgul \u00c7omak<\/p>\n<p>[\/vc_column_text][\/vc_column][vc_column width=&#8221;1\/2&#8243;][vc_single_image image=&#8221;1308&#8243; img_size=&#8221;medium&#8221; alignment=&#8221;right&#8221; style=&#8221;vc_box_border&#8221; css_animation=&#8221;fadeIn&#8221;][\/vc_column][\/vc_row][vc_row][vc_column][vc_column_text]<\/p>\n<p class=\"Normal1\"><!-- \/wp:shortcode --><\/p>\n<p><!-- wp:paragraph -->[\/vc_column_text][\/vc_column][\/vc_row][vc_row][vc_column][vc_separator color=&#8221;black&#8221;][vc_empty_space hide_on_mobile=&#8221;&#8221;][\/vc_column][\/vc_row][vc_row][vc_column][vc_column_text]<\/p>\n<p class=\"Normal1\"><!-- \/wp:paragraph --><\/p>\n<p><!-- wp:shortcode -->[\/vc_column_text][\/vc_column][\/vc_row][vc_row][vc_column width=&#8221;1\/2&#8243;][vc_column_text]<\/p>\n<h5><strong>MESUT ERCAN (profesor de viola y solista de la Universidad de \u0130n\u00f6n\u00fc)<\/strong><\/h5>\n<p class=\"Normal1\" style=\"text-indent: 35.4pt;\">No puedo agradecer lo suficiente a Nurg\u00fcl \u00c7omak por traerme esta magn\u00edfica viola de mis sue\u00f1os en 2016. Es una luthier que de inmediato resuelve mis solicitudes con respecto al instrumento, escucha con paciencia en todos los asuntos y me tranquiliza &#8230; No puedo agradecerle lo suficiente &#8230; Buena suerte, Nurg\u00fcl \u00c7omak &#8230;<\/p>\n<p>[\/vc_column_text][\/vc_column][vc_column width=&#8221;1\/2&#8243;][vc_single_image image=&#8221;1434&#8243; img_size=&#8221;medium&#8221; alignment=&#8221;right&#8221; style=&#8221;vc_box_border&#8221; css_animation=&#8221;fadeIn&#8221;][\/vc_column][\/vc_row][vc_row][vc_column][vc_column_text]<!-- \/wp:shortcode -->[\/vc_column_text][\/vc_column][\/vc_row]<\/p>\n","protected":false},"excerpt":{"rendered":"<p>[vc_row][vc_column][vc_column_text][\/vc_column_text][\/vc_column][\/vc_row][vc_row][vc_column][vc_separator color=&#8221;black&#8221;][vc_empty_space hide_on_mobile=&#8221;&#8221;][vc_empty_space hide_on_mobile=&#8221;&#8221;][\/vc_column][\/vc_row][vc_row][vc_column][vc_column_text][\/vc_column_text][\/vc_column][\/vc_row][vc_row][vc_column width=&#8221;1\/2&#8243;][vc_column_text] JAMES ROSSE (El Maestro, Londres) \u201cMe complace recomendar el trabajo de Nurgul Comak. Ella es una luthier que trabaja con los m\u00e1s altos est\u00e1ndares, y ha sido un placer para los artistas visitantes que he invitado a Estambul para tocar con los finos instrumentos que ha hecho &#8221;. Gracias Nurgul [\/vc_column_text][\/vc_column][vc_column width=&#8221;1\/2&#8243;][vc_single_image image=&#8221;1379&#8243; img_size=&#8221;medium&#8221; alignment=&#8221;right&#8221;&hellip;<\/p>\n","protected":false},"author":1,"featured_media":0,"parent":0,"menu_order":0,"comment_status":"closed","ping_status":"closed","template":"","meta":{"om_disable_all_campaigns":false,"_monsterinsights_skip_tracking":false,"_monsterinsights_sitenote_active":false,"_monsterinsights_sitenote_note":"","_monsterinsights_sitenote_category":0},"_links":{"self":[{"href":"https:\/\/kemanyapimcisi.com\/index.php\/wp-json\/wp\/v2\/pages\/1554"}],"collection":[{"href":"https:\/\/kemanyapimcisi.com\/index.php\/wp-json\/wp\/v2\/pages"}],"about":[{"href":"https:\/\/kemanyapimcisi.com\/index.php\/wp-json\/wp\/v2\/types\/page"}],"author":[{"embeddable":true,"href":"https:\/\/kemanyapimcisi.com\/index.php\/wp-json\/wp\/v2\/users\/1"}],"replies":[{"embeddable":true,"href":"https:\/\/kemanyapimcisi.com\/index.php\/wp-json\/wp\/v2\/comments?post=1554"}],"version-history":[{"count":4,"href":"https:\/\/kemanyapimcisi.com\/index.php\/wp-json\/wp\/v2\/pages\/1554\/revisions"}],"predecessor-version":[{"id":1668,"href":"https:\/\/kemanyapimcisi.com\/index.php\/wp-json\/wp\/v2\/pages\/1554\/revisions\/1668"}],"wp:attachment":[{"href":"https:\/\/kemanyapimcisi.com\/index.php\/wp-json\/wp\/v2\/media?parent=1554"}],"curies":[{"name":"wp","href":"https:\/\/api.w.org\/{rel}","templated":true}]}}