{"id":1544,"date":"2021-12-12T21:41:40","date_gmt":"2021-12-12T18:41:40","guid":{"rendered":"http:\/\/kemanyapimcisi.com\/?page_id=1544"},"modified":"2026-03-23T12:00:55","modified_gmt":"2026-03-23T09:00:55","slug":"acerca-de","status":"publish","type":"page","link":"https:\/\/kemanyapimcisi.com\/index.php\/es\/acerca-de\/","title":{"rendered":"Acerca de"},"content":{"rendered":"<p>[vc_row][vc_column][vc_column_text][\/vc_column_text][\/vc_column][\/vc_row][vc_row][vc_column][vc_empty_space height=&#8221;&#8221; alter_height=&#8221;small&#8221; hide_on_mobile=&#8221;&#8221;][\/vc_column][\/vc_row][vc_row][vc_column][vc_column_text]<\/p>\r\n<p><p>[\/vc_column_text][\/vc_column][\/vc_row][vc_row][vc_column width=&#8221;1\/2&#8243; offset=&#8221;vc_col-md-5&#8243;][vc_empty_space height=&#8221;&#8221; alter_height=&#8221;small&#8221; hide_on_mobile=&#8221;&#8221;][vc_empty_space height=&#8221;&#8221; alter_height=&#8221;small&#8221; hide_on_mobile=&#8221;&#8221;][vc_single_image image=&#8221;1143&#8243; img_size=&#8221;full&#8221;][\/vc_column][vc_column width=&#8221;1\/2&#8243; offset=&#8221;vc_col-md-7&#8243;][vc_empty_space height=&#8221;&#8221; hide_on_mobile=&#8221;&#8221;][vc_empty_space height=&#8221;&#8221; alter_height=&#8221;small&#8221; hide_on_mobile=&#8221;&#8221;][vc_row_inner][vc_column_inner offset=&#8221;vc_col-md-offset-1 vc_col-md-11&#8243;]<div id=\"sc_title_1202945962\"\n\t\tclass=\"sc_title sc_title_default\"><h3 class=\"sc_item_title sc_title_title sc_align_default sc_item_title_style_style_h1\">Sobre Nurgul Comak<\/h3><div class=\"sc_item_subtitle_container  sc_align_default sc_item_title_style_style_h1\"><h6 class=\"sc_item_subtitle sc_title_subtitle sc_item_title_style_style_h1\">LUTHIER<\/h6><\/div><div class=\"sc_item_descr sc_title_descr sc_align_default\">Su inter\u00e9s por la m\u00fasica, junto con su amor y dedicaci\u00f3n al viol\u00edn, la condujeron desde una edad temprana al fascinante mundo del sonido. Tras obtener su diploma en el Departamento de M\u00fasica de MGSM, su deseo de continuar su formaci\u00f3n acad\u00e9mica la llev\u00f3 a la Universidad T\u00e9cnica de Estambul, al Programa de Tecnolog\u00edas Musicales \u2013 Construcci\u00f3n de Instrumentos de Cuerda.<\/p>\n<p>Despu\u00e9s de graduarse con honores en ambas instituciones, particip\u00f3 en ferias celebradas en pa\u00edses como Italia y Alemania, donde adquiri\u00f3 experiencia profesional a trav\u00e9s del contacto directo con lutieres de reconocido prestigio.<\/p>\n<p>Nurgul Comak, quien ostenta el t\u00edtulo de ser la primera mujer lutier de viol\u00edn en Turqu\u00eda que ejerce esta profesi\u00f3n a nivel profesional, exhibi\u00f3 sus instrumentos en el Festival Internacional de M\u00fasica celebrado en 2020 en la Sala de Conciertos Cemal Re\u015fit Rey de Estambul.<\/p>\n<p>Desde 1999, contin\u00faa su labor en el \u00e1mbito de la construcci\u00f3n de violines, violas y violonchelos, caracterizada por su identidad art\u00edstica, una artesan\u00eda sin concesiones y un enfoque profesional disciplinado. Sus instrumentos son interpretados por solistas seleccionados, m\u00fasicos de orquesta, as\u00ed como por profesores y estudiantes de conservatorios en Turqu\u00eda y en diversos pa\u00edses de Europa.<\/div><\/div><!-- \/.sc_title -->[vc_empty_space height=&#8221;2.3rem&#8221; alter_height=&#8221;none&#8221; hide_on_mobile=&#8221;&#8221;][\/vc_column_inner][\/vc_row_inner][\/vc_column][\/vc_row][vc_row][vc_column][vc_column_text]<\/p>\n<\/p>\r\n<p>[\/vc_column_text][\/vc_column][\/vc_row][vc_row][vc_column][vc_empty_space height=&#8221;&#8221; alter_height=&#8221;small&#8221; hide_on_mobile=&#8221;&#8221;][vc_empty_space height=&#8221;&#8221; alter_height=&#8221;small&#8221; hide_on_mobile=&#8221;&#8221;][vc_empty_space height=&#8221;&#8221; alter_height=&#8221;small&#8221; hide_on_mobile=&#8221;&#8221;][vc_empty_space height=&#8221;&#8221; alter_height=&#8221;small&#8221; hide_on_mobile=&#8221;&#8221;][vc_empty_space height=&#8221;&#8221; alter_height=&#8221;small&#8221; hide_on_mobile=&#8221;&#8221;][\/vc_column][\/vc_row][vc_row full_width=&#8221;stretch_row_content&#8221; scheme=&#8221;dark&#8221; css=&#8221;.vc_custom_1638718989771{background: #000000 url(http:\/\/kemanyapimcisi.com\/wp-content\/uploads\/2016\/11\/background-3.jpg?id=267) !important;}&#8221;][vc_column][vc_empty_space height=&#8221;&#8221; alter_height=&#8221;small&#8221; hide_on_mobile=&#8221;&#8221;][vc_empty_space height=&#8221;&#8221; alter_height=&#8221;large&#8221; hide_on_mobile=&#8221;&#8221;]<div class=\"sc_testimonials sc_testimonials_default swiper-slider-container slider_swiper slider_noresize  slider_controls  slider_pagination \" data-slides-min-width=\"150\"\t\t>\n\t\t<h3 class=\"sc_item_title sc_testimonials_title sc_align_center sc_item_title_style_default\">REFERENCIAS<\/h3><div class=\"sc_testimonials_slider sc_item_slider slides swiper-wrapper\"><div class=\"swiper-slide\"><div class=\"sc_testimonials_item\">\n\t<div class=\"sc_testimonials_item_content\"><p class=\"Normal1\">\u201cMe complace recomendar el trabajo de Nurgul Comak. Ella es una luthier que trabaja con los m\u00e1s altos est\u00e1ndares, y ha sido un placer para los artistas visitantes que he invitado a Estambul para tocar con los finos instrumentos que ha hecho &#8221;.<\/p>\r\n<p class=\"Normal1\"><\/p>\r\n<p class=\"Normal1\">Gracias Nurgul<\/p><\/div>\n\t<div class=\"sc_testimonials_item_author\">\n\t\t\t\t\t<div class=\"sc_testimonials_item_author_avatar\"><img width=\"90\" height=\"70\" src=\"https:\/\/kemanyapimcisi.com\/wp-content\/uploads\/2021\/12\/image00111-1-90x70.jpeg\" class=\"attachment-petermason-thumb-tiny size-petermason-thumb-tiny wp-post-image\" alt=\"JAMES ROSE (El Maestro, Londres)\" loading=\"lazy\" \/><\/div>\n\t\t\t\t<div class=\"sc_testimonials_item_author_data\">\n\t\t\t<h4 class=\"sc_testimonials_item_author_title\">JAMES ROSE (El Maestro, Londres)<\/h4>\n\t\t\t<div class=\"sc_testimonials_item_author_subtitle\">Director<\/div>\n\t\t<\/div>\n\t<\/div>\n<\/div>\n<\/div><div class=\"swiper-slide\"><div class=\"sc_testimonials_item\">\n\t<div class=\"sc_testimonials_item_content\"><p class=\"Normal1\">Nurg\u00fcl \u00c7omak es una joven y talentosa Lutiye que a\u00f1ade una interpretaci\u00f3n y un esp\u00edritu diferente a sus instrumentos.Ella es un valor importante para nuestro pa\u00eds. Una personalidad de artista que fusiona su elegante personalidad con su fino gusto y lo a\u00f1ade a sus instrumentos &#8230;Los hermosos y equilibrados timbres y los ajustes de equilibrio de los instrumentos de \u00c7omak brindan una gran comodidad al instrumentista. C\u00f3mo una int\u00e9rprete que usa su instrumento, me considero muy afortunada<\/p>\n<p class=\"Normal1\">Buena suerte Nurg\u00fcl \u00c7omak<\/p>\n<\/div>\n\t<div class=\"sc_testimonials_item_author\">\n\t\t\t\t\t<div class=\"sc_testimonials_item_author_avatar\"><img width=\"90\" height=\"70\" src=\"https:\/\/kemanyapimcisi.com\/wp-content\/uploads\/2021\/12\/image00327-90x70.jpeg\" class=\"attachment-petermason-thumb-tiny size-petermason-thumb-tiny wp-post-image\" alt=\"GONCA CELIKER B\u0130LGET(Solista e Instructor de viol\u00edn del Conservatorio Estatal de la Universidad Kocaeli)\" loading=\"lazy\" \/><\/div>\n\t\t\t\t<div class=\"sc_testimonials_item_author_data\">\n\t\t\t<h4 class=\"sc_testimonials_item_author_title\">GONCA CELIKER B\u0130LGET(Solista e Instructor de viol\u00edn del Conservatorio Estatal de la Universidad Kocaeli)<\/h4>\n\t\t\t<div class=\"sc_testimonials_item_author_subtitle\"><\/div>\n\t\t<\/div>\n\t<\/div>\n<\/div>\n<\/div><div class=\"swiper-slide\"><div class=\"sc_testimonials_item\">\n\t<div class=\"sc_testimonials_item_content\"><p class=\"Normal1\">Utilizo los violines de Nurgul Comak desde 2016 en mi escuela de viol\u00edn en La Haya, Pa\u00edses Bajos, donde llevo 20 a\u00f1os dirigiendo mi escuela y ense\u00f1ando. Me gustar\u00eda decir que la calidad del material, la est\u00e9tica y lo m\u00e1s importante, la calidad del sonido y los rangos de precios son bastante asequibles. Antes de comprar sus violines, le recomiendo que pruebe los instrumentos de la Sra. Comak.<\/p>\n<\/div>\n\t<div class=\"sc_testimonials_item_author\">\n\t\t\t\t\t<div class=\"sc_testimonials_item_author_avatar\"><img width=\"90\" height=\"70\" src=\"https:\/\/kemanyapimcisi.com\/wp-content\/uploads\/2021\/12\/Serdar-Erkmenis-90x70.jpeg\" class=\"attachment-petermason-thumb-tiny size-petermason-thumb-tiny wp-post-image\" alt=\"Serdar ERKEMENIS (Holanda \/ Solista y profesor de viol\u00edn en vioolschool-leidschenveen)\" loading=\"lazy\" \/><\/div>\n\t\t\t\t<div class=\"sc_testimonials_item_author_data\">\n\t\t\t<h4 class=\"sc_testimonials_item_author_title\">Serdar ERKEMENIS (Holanda \/ Solista y profesor de viol\u00edn en vioolschool-leidschenveen)<\/h4>\n\t\t\t<div class=\"sc_testimonials_item_author_subtitle\"><\/div>\n\t\t<\/div>\n\t<\/div>\n<\/div>\n<\/div><\/div><div class=\"slider_controls_wrap\"><a class=\"slider_prev swiper-button-prev\" href=\"#\"><\/a><a class=\"slider_next swiper-button-next\" href=\"#\"><\/a><\/div><div class=\"slider_pagination_wrap swiper-pagination\"><\/div><\/div><!-- \/.sc_testimonials -->[vc_empty_space height=&#8221;&#8221; hide_on_mobile=&#8221;&#8221;][vc_empty_space height=&#8221;&#8221; alter_height=&#8221;small&#8221; hide_on_mobile=&#8221;&#8221;][vc_empty_space height=&#8221;&#8221; alter_height=&#8221;medium&#8221; hide_on_mobile=&#8221;&#8221;][\/vc_column][\/vc_row][vc_row][vc_column width=&#8221;5\/6&#8243; offset=&#8221;vc_col-lg-offset-1 vc_col-lg-10 vc_col-md-offset-1 vc_col-md-10 vc_col-sm-offset-1 vc_col-xs-12&#8243;][vc_row_inner][vc_column_inner width=&#8221;1\/2&#8243; offset=&#8221;vc_col-lg-4 vc_col-md-4&#8243;][vc_empty_space height=&#8221;&#8221; alter_height=&#8221;small&#8221; hide_on_mobile=&#8221;&#8221;]<div id=\"sc_icons_1559232758\" \n\tclass=\"sc_icons sc_icons_modern sc_icons_size_medium sc_align_left\"><div class=\"sc_icons_item sc_icons_item_linked\"><div id=\"sc_icons_1559232758_icon-facebook\" class=\"sc_icons_icon sc_icon_type_fontawesome icon-facebook\"\n\t\t\t\t\t\t\t\t\t\t\t\t><span class=\"sc_icon_type_fontawesome icon-facebook\"><\/span><\/div>\t\t\t<div class=\"sc_icons_item_description\">\n\t\t\t<h4 class=\"sc_icons_title\"><span>Find us on Facebook<\/span><\/h4>\t\t\t<\/div><a href=\"#\" class=\"sc_icons_link\"><\/a><\/div><\/div><!-- \/.sc_icons -->[vc_empty_space height=&#8221;&#8221; alter_height=&#8221;small&#8221; hide_on_mobile=&#8221;&#8221;][\/vc_column_inner][vc_column_inner width=&#8221;1\/2&#8243; offset=&#8221;vc_col-lg-4 vc_col-md-4&#8243;][vc_empty_space height=&#8221;&#8221; alter_height=&#8221;small&#8221; hide_on_mobile=&#8221;&#8221;]<div id=\"sc_icons_1658000912\" \n\tclass=\"sc_icons sc_icons_modern sc_icons_size_medium sc_align_left\"><div class=\"sc_icons_item sc_icons_item_linked\"><div id=\"sc_icons_1658000912_icon-youtube\" class=\"sc_icons_icon sc_icon_type_fontawesome icon-youtube\"\n\t\t\t\t\t\t\t\t\t\t\t\t><span class=\"sc_icon_type_fontawesome icon-youtube\"><\/span><\/div>\t\t\t<div class=\"sc_icons_item_description\">\n\t\t\t<h4 class=\"sc_icons_title\"><span>Follow Us on Youtube<\/span><\/h4>\t\t\t<\/div><a href=\"https:\/\/www.youtube.com\/@NurgulComak\" class=\"sc_icons_link\"><\/a><\/div><\/div><!-- \/.sc_icons -->[vc_empty_space height=&#8221;&#8221; alter_height=&#8221;small&#8221; hide_on_mobile=&#8221;&#8221;][\/vc_column_inner][vc_column_inner width=&#8221;1\/2&#8243; offset=&#8221;vc_col-lg-4 vc_col-md-4&#8243;][vc_empty_space height=&#8221;&#8221; alter_height=&#8221;small&#8221; hide_on_mobile=&#8221;&#8221;]<div id=\"sc_icons_77425244\" \n\tclass=\"sc_icons sc_icons_modern sc_icons_size_medium sc_align_left\"><div class=\"sc_icons_item sc_icons_item_linked\"><div id=\"sc_icons_77425244_icon-instagramm\" class=\"sc_icons_icon sc_icon_type_fontawesome icon-instagramm\"\n\t\t\t\t\t\t\t\t\t\t\t\t><span class=\"sc_icon_type_fontawesome icon-instagramm\"><\/span><\/div>\t\t\t<div class=\"sc_icons_item_description\">\n\t\t\t<h4 class=\"sc_icons_title\"><span>Follow Us on Instagram<\/span><\/h4>\t\t\t<\/div><a href=\"#\" class=\"sc_icons_link\"><\/a><\/div><\/div><!-- \/.sc_icons -->[vc_empty_space height=&#8221;&#8221; alter_height=&#8221;small&#8221; hide_on_mobile=&#8221;&#8221;][\/vc_column_inner][\/vc_row_inner][\/vc_column][\/vc_row][vc_row][vc_column][vc_empty_space height=&#8221;0.5rem&#8221; alter_height=&#8221;none&#8221; hide_on_mobile=&#8221;&#8221;][vc_separator color=&#8221;custom&#8221; accent_color=&#8221;#e8d7c2&#8243; css=&#8221;.vc_custom_1482236496442{margin-top: 0px !important;margin-bottom: 0px !important;}&#8221;][\/vc_column][\/vc_row]<\/p>","protected":false},"excerpt":{"rendered":"<p>[vc_row][vc_column][vc_column_text][\/vc_column_text][\/vc_column][\/vc_row][vc_row][vc_column][vc_empty_space height=&#8221;&#8221; alter_height=&#8221;small&#8221; hide_on_mobile=&#8221;&#8221;][\/vc_column][\/vc_row][vc_row][vc_column][vc_column_text] [\/vc_column_text][\/vc_column][\/vc_row][vc_row][vc_column][vc_empty_space height=&#8221;&#8221; alter_height=&#8221;small&#8221; hide_on_mobile=&#8221;&#8221;][vc_empty_space height=&#8221;&#8221; alter_height=&#8221;small&#8221; hide_on_mobile=&#8221;&#8221;][vc_empty_space height=&#8221;&#8221; alter_height=&#8221;small&#8221; hide_on_mobile=&#8221;&#8221;][vc_empty_space height=&#8221;&#8221; alter_height=&#8221;small&#8221; hide_on_mobile=&#8221;&#8221;][vc_empty_space height=&#8221;&#8221; alter_height=&#8221;small&#8221; hide_on_mobile=&#8221;&#8221;][\/vc_column][\/vc_row][vc_row full_width=&#8221;stretch_row_content&#8221; scheme=&#8221;dark&#8221; css=&#8221;.vc_custom_1638718989771{background: #000000 url(http:\/\/kemanyapimcisi.com\/wp-content\/uploads\/2016\/11\/background-3.jpg?id=267) !important;}&#8221;][vc_column][vc_empty_space height=&#8221;&#8221; alter_height=&#8221;small&#8221; hide_on_mobile=&#8221;&#8221;][vc_empty_space height=&#8221;&#8221; alter_height=&#8221;large&#8221; hide_on_mobile=&#8221;&#8221;][vc_empty_space height=&#8221;&#8221; hide_on_mobile=&#8221;&#8221;][vc_empty_space height=&#8221;&#8221; alter_height=&#8221;small&#8221; hide_on_mobile=&#8221;&#8221;][vc_empty_space height=&#8221;&#8221; alter_height=&#8221;medium&#8221; hide_on_mobile=&#8221;&#8221;][\/vc_column][\/vc_row][vc_row][vc_column width=&#8221;5\/6&#8243; offset=&#8221;vc_col-lg-offset-1 vc_col-lg-10 vc_col-md-offset-1 vc_col-md-10 vc_col-sm-offset-1 vc_col-xs-12&#8243;][vc_row_inner][vc_column_inner width=&#8221;1\/2&#8243; offset=&#8221;vc_col-lg-4 vc_col-md-4&#8243;][vc_empty_space height=&#8221;&#8221; alter_height=&#8221;small&#8221; hide_on_mobile=&#8221;&#8221;][vc_empty_space height=&#8221;&#8221; alter_height=&#8221;small&#8221; hide_on_mobile=&#8221;&#8221;][\/vc_column_inner][vc_column_inner width=&#8221;1\/2&#8243; offset=&#8221;vc_col-lg-4 vc_col-md-4&#8243;][vc_empty_space height=&#8221;&#8221;&hellip;<\/p>\n","protected":false},"author":1,"featured_media":0,"parent":0,"menu_order":0,"comment_status":"closed","ping_status":"closed","template":"","meta":{"om_disable_all_campaigns":false,"_monsterinsights_skip_tracking":false,"_monsterinsights_sitenote_active":false,"_monsterinsights_sitenote_note":"","_monsterinsights_sitenote_category":0},"_links":{"self":[{"href":"https:\/\/kemanyapimcisi.com\/index.php\/wp-json\/wp\/v2\/pages\/1544"}],"collection":[{"href":"https:\/\/kemanyapimcisi.com\/index.php\/wp-json\/wp\/v2\/pages"}],"about":[{"href":"https:\/\/kemanyapimcisi.com\/index.php\/wp-json\/wp\/v2\/types\/page"}],"author":[{"embeddable":true,"href":"https:\/\/kemanyapimcisi.com\/index.php\/wp-json\/wp\/v2\/users\/1"}],"replies":[{"embeddable":true,"href":"https:\/\/kemanyapimcisi.com\/index.php\/wp-json\/wp\/v2\/comments?post=1544"}],"version-history":[{"count":7,"href":"https:\/\/kemanyapimcisi.com\/index.php\/wp-json\/wp\/v2\/pages\/1544\/revisions"}],"predecessor-version":[{"id":1690,"href":"https:\/\/kemanyapimcisi.com\/index.php\/wp-json\/wp\/v2\/pages\/1544\/revisions\/1690"}],"wp:attachment":[{"href":"https:\/\/kemanyapimcisi.com\/index.php\/wp-json\/wp\/v2\/media?parent=1544"}],"curies":[{"name":"wp","href":"https:\/\/api.w.org\/{rel}","templated":true}]}}