{"id":1513,"date":"2021-12-12T21:13:30","date_gmt":"2021-12-12T18:13:30","guid":{"rendered":"http:\/\/kemanyapimcisi.com\/?page_id=1513"},"modified":"2024-03-14T14:17:11","modified_gmt":"2024-03-14T11:17:11","slug":"referenzen","status":"publish","type":"page","link":"https:\/\/kemanyapimcisi.com\/index.php\/de\/referenzen\/","title":{"rendered":"Referenzen"},"content":{"rendered":"<p>[vc_row][vc_column][vc_column_text]<p>[\/vc_column_text][\/vc_column][\/vc_row][vc_row][vc_column width=&#8221;1\/2&#8243;][vc_column_text]<\/p>\n<h5><strong>AL\u0130CAN SUNER (Z\u00fcrich, Tonhalle Orchesteri)<\/strong><\/h5>\n<p>Seit 2022 verfolge ich Nurg\u00fcl und ihre Arbeit mit Bewunderung. Die Widmung und<br \/>Sauberkeit, die sie in ihrer Arbeit zeigt, war sehr deutlich, als ich sie pers\u00f6nlich traf und einige ihrer Geigen in Istanbul ausprobierte. Ich verliebte mich sofort in eine ihrer Geigen, eine 1715 Strad-Kopie, und entschloss mich sofort, sie zu kaufen. Es hat einen sehr sch\u00f6nen, s\u00fc\u00dfen, femininen Klang mit vielen Obert\u00f6nen und dennoch kraftvoll in den unteren Lagen. Ich bin stolz, sie neben meiner Guadagnini zu haben und ihre Entwicklung in meinen H\u00e4nden zu h\u00f6ren. Ich denke, Nurg\u00fcl verdient als weibliche Geigenbauerin in meinem Heimatland und aufgrund des Respekts, den sie ihrer Handwerkskunst entgegenbringt, viel mehr Anerkennung.<\/p>\n<p>[\/vc_column_text][\/vc_column][vc_column width=&#8221;1\/2&#8243;][vc_single_image image=&#8221;1662&#8243; img_size=&#8221;medium&#8221; alignment=&#8221;right&#8221; style=&#8221;vc_box_border&#8221; css_animation=&#8221;fadeIn&#8221;][\/vc_column][\/vc_row][vc_row][vc_column][vc_column_text]<\/p>\n<\/p>\n[\/vc_column_text][\/vc_column][\/vc_row][vc_row][vc_column][vc_separator color=&#8221;black&#8221;][vc_empty_space hide_on_mobile=&#8221;&#8221;][vc_empty_space hide_on_mobile=&#8221;&#8221;][\/vc_column][\/vc_row][vc_row][vc_column][vc_column_text]\n<p><p>[\/vc_column_text][\/vc_column][\/vc_row][vc_row][vc_column width=&#8221;1\/2&#8243;][vc_column_text]<\/p>\n<h5><strong>JAMES ROSSE (Maestro, Londra)<\/strong><\/h5>\n<p>Ich freue mich, die Arbeit von Nurgul Comak empfehlen zu k\u00f6nnen. Sie ist eine Geigenbauerin, die nach h\u00f6chsten Ma\u00dfst\u00e4ben arbeitet, und es war ein Vergn\u00fcgen f\u00fcr Gastk\u00fcnstler, die ich nach Istanbul eingeladen habe, mit den feinen Instrumenten, die sie gebaut hat, aufzutreten.<\/p>\n<p>James Rose<\/p>\n<p>[\/vc_column_text][\/vc_column][vc_column width=&#8221;1\/2&#8243;][vc_single_image image=&#8221;1379&#8243; img_size=&#8221;medium&#8221; alignment=&#8221;right&#8221; style=&#8221;vc_box_border&#8221; css_animation=&#8221;fadeIn&#8221;][\/vc_column][\/vc_row][vc_row][vc_column width=&#8221;1\/2&#8243;][vc_column_text]<\/p>\n<h5><strong>GONCA CELIKER B\u0130LGET (Solistin und Geigenlehrerin am Staatlichen Konservatorium der Universit\u00e4t Kocaeli)<\/strong><\/h5>\n<p>Nurg\u00fcl \u00c7omak ist eine talentierte, junge Geigenbauerin, die ihren Instrumenten eine andere Interpretation und einen anderen Geist verleiht &#8211; ein wichtiger Wert f\u00fcr unser Land. Sie verbindet ihre elegante Pers\u00f6nlichkeit mit ihrem feinen Geschmack, eine K\u00fcnstlerpers\u00f6nlichkeit, die ihren Instrumenten&#8230;<\/p>\n<p>Die sch\u00f6nen, ausgewogenen Klangfarben und die ausgewogenen Einstellungen der Instrumente von \u00c7omak bieten dem Instrumentalisten gro\u00dfen Komfort. Als Interpretin, die ihr Instrument benutzt, sch\u00e4tze ich mich sehr gl\u00fccklich. Viel Gl\u00fcck f\u00fcr Sie Nurg\u00fcl \u00c7omak[\/vc_column_text][\/vc_column][vc_column width=&#8221;1\/2&#8243;][vc_single_image image=&#8221;1378&#8243; img_size=&#8221;medium&#8221; alignment=&#8221;right&#8221; style=&#8221;vc_box_border&#8221; css_animation=&#8221;fadeIn&#8221;][\/vc_column][\/vc_row][vc_row][vc_column][vc_column_text]<\/p>\n<\/p>\n[\/vc_column_text][\/vc_column][\/vc_row][vc_row][vc_column][vc_separator color=&#8221;black&#8221;][vc_empty_space hide_on_mobile=&#8221;&#8221;][\/vc_column][\/vc_row][vc_row][vc_column][vc_column_text]\n<p><p>[\/vc_column_text][\/vc_column][\/vc_row][vc_row][vc_column width=&#8221;1\/2&#8243;][vc_column_text]<\/p>\n<h5><strong>Serdar ERKEMENIS (Niederlande\/ Solist und Geigenlehrer an der Vioolschule Leidschenveen)<\/strong><\/h5>\n<p>Ich benutze die Geigen von Nurg\u00fcl \u00c7omak seit 2016 in meiner Geigenschule in Den Haag, die ich seit 20 Jahren leite und unterrichte.\u00a0\u00a0 Ich m\u00f6chte sagen, dass die Materialqualit\u00e4t, die \u00c4sthetik und vor allem die Klangqualit\u00e4t und die Preisspanne sehr erschwinglich sind. Bevor Sie Ihre Geigen kaufen, empfehle ich Ihnen, die Instrumente von Frau Comak auszuprobieren.[\/vc_column_text][\/vc_column][vc_column width=&#8221;1\/2&#8243;][vc_single_image image=&#8221;1432&#8243; img_size=&#8221;medium&#8221; alignment=&#8221;right&#8221; style=&#8221;vc_box_border&#8221; css_animation=&#8221;fadeIn&#8221;][\/vc_column][\/vc_row][vc_row][vc_column][vc_column_text]<\/p>\n<\/p>\n[\/vc_column_text][\/vc_column][\/vc_row][vc_row][vc_column][vc_separator color=&#8221;black&#8221;][vc_empty_space hide_on_mobile=&#8221;&#8221;][\/vc_column][\/vc_row][vc_row][vc_column][vc_column_text]\n<p><p>[\/vc_column_text][\/vc_column][\/vc_row][vc_row][vc_column width=&#8221;1\/2&#8243;][vc_column_text]<\/p>\n<h5><strong>RUSEN GUNES (Bratschist des London Philharmonic Orchestra und Solist)<\/strong><\/h5>\n<p>Ich spiele mit der Bratsche, die Nurg\u00fcl f\u00fcr mich gebaut hat -Guarneri-Kopie- Das Aussehen und die Bequemlichkeit des Instruments, sein Klang, seine wachsende N\u00e4he zu mir, seine Liebe zu mir &#8211; nat\u00fcrlich, vielleicht ist es das letzte Parf\u00fcm, dass ich benutzt habe- \ud83d\ude42 Es ist sch\u00f6n, wenn man sich trifft &#8211; wir sind gerne zusammen &#8211; und es ist eine gl\u00fcckliche Geschichte, dass es immer eine gute Freundschaft zwischen uns und der Konstrukteurin gibt &#8211; es steht drin: &#8220;Es wurde f\u00fcr Rusen Gunes gemacht&#8221; &#8211; es gab niemanden vor mir, was ich nicht glaube, denn in unserer Kultur ist es ein bisschen so! Danke Nurgul Comak.[\/vc_column_text][\/vc_column][vc_column width=&#8221;1\/2&#8243;][vc_single_image image=&#8221;1381&#8243; img_size=&#8221;medium&#8221; alignment=&#8221;right&#8221; style=&#8221;vc_box_border&#8221; css_animation=&#8221;fadeIn&#8221;][\/vc_column][\/vc_row][vc_row][vc_column][vc_column_text]<\/p>\n<\/p>\n[\/vc_column_text][\/vc_column][\/vc_row][vc_row][vc_column][vc_separator color=&#8221;black&#8221;][vc_empty_space hide_on_mobile=&#8221;&#8221;][\/vc_column][\/vc_row][vc_row][vc_column][vc_column_text]\n<p><p>[\/vc_column_text][\/vc_column][\/vc_row][vc_row][vc_column width=&#8221;1\/2&#8243;][vc_column_text]<\/p>\n<h5><strong>LEYLA BERK ( Violinistin im Staatlichen Symphonieorchester Istanbul)<\/strong><\/h5>\n<p>Ein Anruf von Rusen: &#8220;Ich gehe meine Bratsche kaufen, die ich bei Nurg\u00fcl bestellt habe, kommst du mit?&#8221; Wir gingen zusammen in ihre h\u00fcbsche kleine Werkstatt, eine wunderbare junge Frau mit leuchtenden Augen. Sie dr\u00fcckte Ru\u015fen das Instrument in die Hand, das sie mit Begeisterung hergestellt hatte, ein weiches und sch\u00f6nes Instrument. Ru\u015fen spielte das Instrument und sagte: &#8220;Es war sehr sch\u00f6n&#8221;.<\/p>\n<p>Sp\u00e4ter freundete ich mich mit Nurg\u00fcl an, und ich \u00fcberlie\u00df ihr mein Instrument viele Male. Sie ist eine sehr akribische, forschende, bescheidene, leidenschaftliche und beruhigende Person und selbst Geigenbauerin. Liebe Nurg\u00fcl, m\u00f6ge dein Weg gut sein.[\/vc_column_text][\/vc_column][vc_column width=&#8221;1\/2&#8243;][vc_single_image image=&#8221;1433&#8243; img_size=&#8221;medium&#8221; alignment=&#8221;right&#8221; style=&#8221;vc_box_border&#8221; css_animation=&#8221;fadeIn&#8221;][\/vc_column][\/vc_row][vc_row][vc_column][vc_column_text]<\/p>\n<\/p>\n[\/vc_column_text][\/vc_column][\/vc_row][vc_row][vc_column][vc_separator color=&#8221;black&#8221;][vc_empty_space hide_on_mobile=&#8221;&#8221;][\/vc_column][\/vc_row][vc_row][vc_column][vc_column_text]\n<p><p>[\/vc_column_text][\/vc_column][\/vc_row][vc_row][vc_column width=&#8221;1\/2&#8243;][vc_column_text]<\/p>\n<h5><strong>ERMAN TURKILI (Istanbul\/ Solist &amp; Leiter der B.\u00dc. Musikabteilung &amp; Gr\u00fcnder von Science-Art)<\/strong><\/h5>\n<p>Ich begann zuf\u00e4llig mit der wertvollen Nurg\u00fcl und habe eine andauernde Freundschaft mit ihrer gro\u00dfartigen Arbeit. Der beste Freund eines Instrumentalisten und der Ort, an dem sie die meiste Zeit verbringt, sind die Geigenbauwerkst\u00e4tten, wo die Klangfarbe ihres Instruments ver\u00e4ndert werden kann. Ich habe das gro\u00dfe Gl\u00fcck, eine solche Beziehung zu Nurg\u00fcl zu haben. Ihre Professionalit\u00e4t, ihr Beharren auf Ethik und Wahrheit, gibt jedem K\u00fcnstler Vertrauen.[\/vc_column_text][\/vc_column][vc_column width=&#8221;1\/2&#8243;][vc_single_image image=&#8221;1300&#8243; img_size=&#8221;medium&#8221; alignment=&#8221;right&#8221; style=&#8221;vc_box_border&#8221; css_animation=&#8221;fadeIn&#8221;][\/vc_column][\/vc_row][vc_row][vc_column][vc_column_text]<\/p>\n<\/p>\n[\/vc_column_text][\/vc_column][\/vc_row][vc_row][vc_column][vc_separator color=&#8221;black&#8221;][vc_empty_space hide_on_mobile=&#8221;&#8221;][\/vc_column][\/vc_row][vc_row][vc_column][vc_column_text]\n<p><p>[\/vc_column_text][\/vc_column][\/vc_row][vc_row][vc_column width=&#8221;1\/2&#8243;][vc_column_text]<\/p>\n<h5><strong>OZAN HANER (Geigenlehrer an der Dokuz Eyl\u00fcl Universit\u00e4t)<\/strong><\/h5>\n<p>Ich liebe meine Geige, die Sie mit meisterhaften H\u00e4nden und nur einem weiblichen Blickwinkel, Mutterschaft und Akribie des Herzens gemacht hat. Ich danke dir, Mutter meiner Geige, dass du mir mit deinem Fachwissen und den Instrumenten, die du herstellst, so nahe bist wie ein Telefonanruf.[\/vc_column_text][\/vc_column][vc_column width=&#8221;1\/2&#8243;][vc_single_image image=&#8221;1382&#8243; img_size=&#8221;medium&#8221; alignment=&#8221;right&#8221; style=&#8221;vc_box_border&#8221; css_animation=&#8221;fadeIn&#8221;][\/vc_column][\/vc_row][vc_row][vc_column][vc_column_text]<\/p>\n<\/p>\n[\/vc_column_text][\/vc_column][\/vc_row][vc_row][vc_column][vc_separator color=&#8221;black&#8221;][vc_empty_space hide_on_mobile=&#8221;&#8221;][\/vc_column][\/vc_row][vc_row][vc_column][vc_column_text]\n<p><p>[\/vc_column_text][\/vc_column][\/vc_row][vc_row][vc_column width=&#8221;1\/2&#8243;][vc_column_text]<\/p>\n<h5><strong>G\u00dcLFEM G\u00dcLER (Solistin)<\/strong><\/h5>\n<p>Mein Vorurteil mit dem Titel &#8220;Eine neue Geige klingt nicht gut&#8221; ist die sch\u00f6ne Mutter meiner sch\u00f6nen Geige. Wenn Sie sagen: &#8220;Ich stehe immer hinter meinem Instrument&#8221;, nicht nur hinter Ihrem Instrument, sondern hinter dem Instrument, das Sie mit gro\u00dfer Meisterschaft und Feingef\u00fchl auf die Welt gebracht haben, hinter dem Musiker, den Sie in ihre H\u00e4nde gegeben hat hinter dem Sie immer stehen. Vielen Dank, dass Sie mir dieses Gef\u00fchl gegeben haben.<\/p>\n<p>Viel Gl\u00fcck f\u00fcr dich Nurgul Comak[\/vc_column_text][\/vc_column][vc_column width=&#8221;1\/2&#8243;][vc_single_image image=&#8221;1383&#8243; img_size=&#8221;medium&#8221; alignment=&#8221;right&#8221; style=&#8221;vc_box_border&#8221; css_animation=&#8221;fadeIn&#8221;][\/vc_column][\/vc_row][vc_row][vc_column][vc_column_text]<\/p>\n<\/p>\n[\/vc_column_text][\/vc_column][\/vc_row][vc_row][vc_column][vc_separator color=&#8221;black&#8221;][vc_empty_space hide_on_mobile=&#8221;&#8221;][\/vc_column][\/vc_row][vc_row][vc_column][vc_column_text]\n<p><p>[\/vc_column_text][\/vc_column][\/vc_row][vc_row][vc_column width=&#8221;1\/2&#8243;][vc_column_text]<\/p>\n<h5><strong>MET\u0130N BATUR (Geigenlehrerin &amp; Solistin)<\/strong><\/h5>\n<p>Nurg\u00fcl \u00c7omak ist eine neue Quelle der Hoffnung mit Geigen, Bratschen und Celli von Weltklasse. Sie hat mir und Hunderten meiner Sch\u00fcler sehr geholfen, sowohl mit den von ihr gebauten Instrumenten als auch mit ihren Restaurierungen&#8230;<\/p>\n<p>Vielen Dank, Nurgul \u00c7omak[\/vc_column_text][\/vc_column][vc_column width=&#8221;1\/2&#8243;][vc_single_image image=&#8221;1308&#8243; img_size=&#8221;medium&#8221; alignment=&#8221;right&#8221; style=&#8221;vc_box_border&#8221; css_animation=&#8221;fadeIn&#8221;][\/vc_column][\/vc_row][vc_row][vc_column][vc_column_text]<\/p>\n<\/p>\n[\/vc_column_text][\/vc_column][\/vc_row][vc_row][vc_column][vc_separator color=&#8221;black&#8221;][vc_empty_space hide_on_mobile=&#8221;&#8221;][\/vc_column][\/vc_row][vc_row][vc_column][vc_column_text]\n<p><p>[\/vc_column_text][\/vc_column][\/vc_row][vc_row][vc_column width=&#8221;1\/2&#8243;][vc_column_text]<\/p>\n<h5><strong>MESUT ERCAN (Bratschenlehrer und Solist an der \u0130n\u00f6n\u00fc Universit\u00e4t)<\/strong><\/h5>\n<p>Ich kann Nurg\u00fcl \u00c7omak nicht genug daf\u00fcr danken, dass sie mir 2016 diese wunderbare Bratsche meiner Tr\u00e4ume gebracht hat. Sie ist eine Geigenbauerin, die meine W\u00fcnsche bez\u00fcglich des Instruments sofort l\u00f6st, mir in allen Fragen geduldig zuh\u00f6rt und mich beruhigt. Ich kann ihr nicht genug danken.[\/vc_column_text][\/vc_column][vc_column width=&#8221;1\/2&#8243;][vc_single_image image=&#8221;1434&#8243; img_size=&#8221;medium&#8221; alignment=&#8221;right&#8221; style=&#8221;vc_box_border&#8221; css_animation=&#8221;fadeIn&#8221;][\/vc_column][\/vc_row][vc_row][vc_column][vc_column_text]<\/p>\n<br \/>\n[vc_row][vc_column][vc_column_text]<\/p>\n<p><p>[\/vc_column_text][\/vc_column][\/vc_row]<\/p>\n","protected":false},"excerpt":{"rendered":"<p>[vc_row][vc_column][vc_column_text] [\/vc_column_text][\/vc_column][\/vc_row][vc_row][vc_column][vc_separator color=&#8221;black&#8221;][vc_empty_space hide_on_mobile=&#8221;&#8221;][vc_empty_space hide_on_mobile=&#8221;&#8221;][\/vc_column][\/vc_row][vc_row][vc_column][vc_column_text] [\/vc_column_text][\/vc_column][\/vc_row][vc_row][vc_column][vc_separator color=&#8221;black&#8221;][vc_empty_space hide_on_mobile=&#8221;&#8221;][\/vc_column][\/vc_row][vc_row][vc_column][vc_column_text] [\/vc_column_text][\/vc_column][\/vc_row][vc_row][vc_column][vc_separator color=&#8221;black&#8221;][vc_empty_space hide_on_mobile=&#8221;&#8221;][\/vc_column][\/vc_row][vc_row][vc_column][vc_column_text] [\/vc_column_text][\/vc_column][\/vc_row][vc_row][vc_column][vc_separator color=&#8221;black&#8221;][vc_empty_space hide_on_mobile=&#8221;&#8221;][\/vc_column][\/vc_row][vc_row][vc_column][vc_column_text] [\/vc_column_text][\/vc_column][\/vc_row][vc_row][vc_column][vc_separator color=&#8221;black&#8221;][vc_empty_space hide_on_mobile=&#8221;&#8221;][\/vc_column][\/vc_row][vc_row][vc_column][vc_column_text] [\/vc_column_text][\/vc_column][\/vc_row][vc_row][vc_column][vc_separator color=&#8221;black&#8221;][vc_empty_space hide_on_mobile=&#8221;&#8221;][\/vc_column][\/vc_row][vc_row][vc_column][vc_column_text] [\/vc_column_text][\/vc_column][\/vc_row][vc_row][vc_column][vc_separator color=&#8221;black&#8221;][vc_empty_space hide_on_mobile=&#8221;&#8221;][\/vc_column][\/vc_row][vc_row][vc_column][vc_column_text] [\/vc_column_text][\/vc_column][\/vc_row][vc_row][vc_column][vc_separator color=&#8221;black&#8221;][vc_empty_space hide_on_mobile=&#8221;&#8221;][\/vc_column][\/vc_row][vc_row][vc_column][vc_column_text] [\/vc_column_text][\/vc_column][\/vc_row][vc_row][vc_column][vc_separator color=&#8221;black&#8221;][vc_empty_space hide_on_mobile=&#8221;&#8221;][\/vc_column][\/vc_row][vc_row][vc_column][vc_column_text] [vc_row][vc_column][vc_column_text]<\/p>\n","protected":false},"author":1,"featured_media":0,"parent":0,"menu_order":0,"comment_status":"closed","ping_status":"closed","template":"","meta":{"om_disable_all_campaigns":false,"_monsterinsights_skip_tracking":false,"_monsterinsights_sitenote_active":false,"_monsterinsights_sitenote_note":"","_monsterinsights_sitenote_category":0},"_links":{"self":[{"href":"https:\/\/kemanyapimcisi.com\/index.php\/wp-json\/wp\/v2\/pages\/1513"}],"collection":[{"href":"https:\/\/kemanyapimcisi.com\/index.php\/wp-json\/wp\/v2\/pages"}],"about":[{"href":"https:\/\/kemanyapimcisi.com\/index.php\/wp-json\/wp\/v2\/types\/page"}],"author":[{"embeddable":true,"href":"https:\/\/kemanyapimcisi.com\/index.php\/wp-json\/wp\/v2\/users\/1"}],"replies":[{"embeddable":true,"href":"https:\/\/kemanyapimcisi.com\/index.php\/wp-json\/wp\/v2\/comments?post=1513"}],"version-history":[{"count":5,"href":"https:\/\/kemanyapimcisi.com\/index.php\/wp-json\/wp\/v2\/pages\/1513\/revisions"}],"predecessor-version":[{"id":1666,"href":"https:\/\/kemanyapimcisi.com\/index.php\/wp-json\/wp\/v2\/pages\/1513\/revisions\/1666"}],"wp:attachment":[{"href":"https:\/\/kemanyapimcisi.com\/index.php\/wp-json\/wp\/v2\/media?parent=1513"}],"curies":[{"name":"wp","href":"https:\/\/api.w.org\/{rel}","templated":true}]}}