{"id":1508,"date":"2021-12-12T21:06:45","date_gmt":"2021-12-12T18:06:45","guid":{"rendered":"http:\/\/kemanyapimcisi.com\/?page_id=1508"},"modified":"2026-03-23T11:59:51","modified_gmt":"2026-03-23T08:59:51","slug":"etwa","status":"publish","type":"page","link":"https:\/\/kemanyapimcisi.com\/index.php\/de\/etwa\/","title":{"rendered":"UBER"},"content":{"rendered":"<p>[vc_row][vc_column][vc_column_text][\/vc_column_text][\/vc_column][\/vc_row][vc_row][vc_column][vc_empty_space height=&#8221;&#8221; alter_height=&#8221;small&#8221; hide_on_mobile=&#8221;&#8221;][\/vc_column][\/vc_row][vc_row][vc_column][vc_column_text]<\/p>\r\n<p><p>[\/vc_column_text][\/vc_column][\/vc_row][vc_row][vc_column width=&#8221;1\/2&#8243; offset=&#8221;vc_col-md-5&#8243;][vc_empty_space height=&#8221;&#8221; alter_height=&#8221;small&#8221; hide_on_mobile=&#8221;&#8221;][vc_empty_space height=&#8221;&#8221; alter_height=&#8221;small&#8221; hide_on_mobile=&#8221;&#8221;][vc_single_image image=&#8221;1143&#8243; img_size=&#8221;full&#8221;][\/vc_column][vc_column width=&#8221;1\/2&#8243; offset=&#8221;vc_col-md-7&#8243;][vc_empty_space height=&#8221;&#8221; hide_on_mobile=&#8221;&#8221;][vc_empty_space height=&#8221;&#8221; alter_height=&#8221;small&#8221; hide_on_mobile=&#8221;&#8221;][vc_row_inner][vc_column_inner offset=&#8221;vc_col-md-offset-1 vc_col-md-11&#8243;]<div id=\"sc_title_1995615624\"\n\t\tclass=\"sc_title sc_title_default\"><h3 class=\"sc_item_title sc_title_title sc_align_default sc_item_title_style_style_h1\">\u00dcber Nurgul Comak<\/h3><div class=\"sc_item_subtitle_container  sc_align_default sc_item_title_style_style_h1\"><h6 class=\"sc_item_subtitle sc_title_subtitle sc_item_title_style_style_h1\">LUTHIER<\/h6><\/div><div class=\"sc_item_descr sc_title_descr sc_align_default\">Ihr Interesse an der Musik sowie ihre Liebe und Hingabe zur Violine f\u00fchrten sie bereits in jungen Jahren in die faszinierende Welt des Klangs. Nach dem Erwerb ihres Diploms am Musikfachbereich der MGSM f\u00fchrte sie ihr Wunsch, ihre akademische Ausbildung fortzusetzen, an die Istanbul Technische Universit\u00e4t, in den Studiengang Musiktechnologien \u2013 Streichinstrumentenbau.<\/p>\n<p>Nach dem Abschluss beider Ausbildungswege mit Auszeichnung nahm sie an Messen in L\u00e4ndern wie Italien und Deutschland teil, wo sie durch den engen Austausch mit angesehenen Geigenbauern wertvolle berufliche Erfahrungen sammelte.<\/p>\n<p>Als erste Geigenbauerin in der T\u00fcrkei, die dieses Handwerk auf professionellem Niveau aus\u00fcbt, stellte Nurgul Comak ihre Instrumente im Jahr 2020 beim Internationalen Musikfestival im Cemal-Re\u015fit-Rey-Konzertsaal in Istanbul aus.<\/p>\n<p>Seit 1999 setzt sie ihre Arbeit im Bereich des Baus von Violinen, Bratschen und Violoncelli fort. Ihre T\u00e4tigkeit ist gepr\u00e4gt von einer ausgepr\u00e4gten k\u00fcnstlerischen Identit\u00e4t, kompromissloser handwerklicher Qualit\u00e4t und einem disziplinierten professionellen Ansatz. Ihre Instrumente werden von ausgew\u00e4hlten Solistinnen und Solisten, Orchestermusikerinnen und -musikern sowie von Lehrenden und Studierenden an Konservatorien in der T\u00fcrkei und in Europa gespielt.<\/div><\/div><!-- \/.sc_title -->[vc_empty_space height=&#8221;2.3rem&#8221; alter_height=&#8221;none&#8221; hide_on_mobile=&#8221;&#8221;][\/vc_column_inner][\/vc_row_inner][\/vc_column][\/vc_row][vc_row][vc_column][vc_column_text]<\/p>\n<\/p>\r\n<p>[\/vc_column_text][\/vc_column][\/vc_row][vc_row][vc_column][vc_empty_space height=&#8221;&#8221; alter_height=&#8221;small&#8221; hide_on_mobile=&#8221;&#8221;][vc_empty_space height=&#8221;&#8221; alter_height=&#8221;small&#8221; hide_on_mobile=&#8221;&#8221;][vc_empty_space height=&#8221;&#8221; alter_height=&#8221;small&#8221; hide_on_mobile=&#8221;&#8221;][vc_empty_space height=&#8221;&#8221; alter_height=&#8221;small&#8221; hide_on_mobile=&#8221;&#8221;][vc_empty_space height=&#8221;&#8221; alter_height=&#8221;small&#8221; hide_on_mobile=&#8221;&#8221;][\/vc_column][\/vc_row][vc_row full_width=&#8221;stretch_row_content&#8221; scheme=&#8221;dark&#8221; css=&#8221;.vc_custom_1638718989771{background: #000000 url(http:\/\/kemanyapimcisi.com\/wp-content\/uploads\/2016\/11\/background-3.jpg?id=267) !important;}&#8221;][vc_column][vc_empty_space height=&#8221;&#8221; alter_height=&#8221;small&#8221; hide_on_mobile=&#8221;&#8221;][vc_empty_space height=&#8221;&#8221; alter_height=&#8221;large&#8221; hide_on_mobile=&#8221;&#8221;]<div class=\"sc_testimonials sc_testimonials_default swiper-slider-container slider_swiper slider_noresize  slider_controls  slider_pagination \" data-slides-min-width=\"150\"\t\t>\n\t\t<h3 class=\"sc_item_title sc_testimonials_title sc_align_center sc_item_title_style_default\">REFERENZEN<\/h3><div class=\"sc_testimonials_slider sc_item_slider slides swiper-wrapper\"><div class=\"swiper-slide\"><div class=\"sc_testimonials_item\">\n\t<div class=\"sc_testimonials_item_content\">Ich benutze die Geigen von Nurg\u00fcl \u00c7omak seit 2016 in meiner Geigenschule in Den Haag, die ich seit 20 Jahren leite und unterrichte.\u00a0\u00a0 Ich m\u00f6chte sagen, dass die Materialqualit\u00e4t, die \u00c4sthetik und vor allem die Klangqualit\u00e4t und die Preisspanne sehr erschwinglich sind. Bevor Sie Ihre Geigen kaufen, empfehle ich Ihnen, die Instrumente von Frau Comak auszuprobieren.<\/div>\n\t<div class=\"sc_testimonials_item_author\">\n\t\t\t\t\t<div class=\"sc_testimonials_item_author_avatar\"><img width=\"90\" height=\"70\" src=\"https:\/\/kemanyapimcisi.com\/wp-content\/uploads\/2021\/12\/Serdar-Erkmenis-90x70.jpeg\" class=\"attachment-petermason-thumb-tiny size-petermason-thumb-tiny wp-post-image\" alt=\"Serdar ERKEMENIS (Niederlande\/ Solist und Geigenlehrer an der Vioolschule Leidschenveen)\" loading=\"lazy\" \/><\/div>\n\t\t\t\t<div class=\"sc_testimonials_item_author_data\">\n\t\t\t<h4 class=\"sc_testimonials_item_author_title\">Serdar ERKEMENIS (Niederlande\/ Solist und Geigenlehrer an der Vioolschule Leidschenveen)<\/h4>\n\t\t\t<div class=\"sc_testimonials_item_author_subtitle\"><\/div>\n\t\t<\/div>\n\t<\/div>\n<\/div>\n<\/div><div class=\"swiper-slide\"><div class=\"sc_testimonials_item\">\n\t<div class=\"sc_testimonials_item_content\"><p>Nurg\u00fcl \u00c7omak ist eine talentierte, junge Geigenbauerin, die ihren Instrumenten eine andere Interpretation und einen anderen Geist verleiht &#8211; ein wichtiger Wert f\u00fcr unser Land. Sie verbindet ihre elegante Pers\u00f6nlichkeit mit ihrem feinen Geschmack, eine K\u00fcnstlerpers\u00f6nlichkeit, die ihren Instrumenten&#8230; Die sch\u00f6nen, ausgewogenen Klangfarben und die ausgewogenen Einstellungen der Instrumente von \u00c7omak bieten dem Instrumentalisten gro\u00dfen Komfort. Als Interpretin, die ihr Instrument benutzt, sch\u00e4tze ich mich sehr gl\u00fccklich. Viel Gl\u00fcck f\u00fcr Sie Nurg\u00fcl \u00c7omak<\/p>\n<\/div>\n\t<div class=\"sc_testimonials_item_author\">\n\t\t\t\t\t<div class=\"sc_testimonials_item_author_avatar\"><img width=\"90\" height=\"70\" src=\"https:\/\/kemanyapimcisi.com\/wp-content\/uploads\/2021\/12\/image00327-90x70.jpeg\" class=\"attachment-petermason-thumb-tiny size-petermason-thumb-tiny wp-post-image\" alt=\"GONCA CELIKER B\u0130LGET (Solistin und Geigenlehrerin am Staatlichen Konservatorium der Universit\u00e4t Kocaeli)\" loading=\"lazy\" \/><\/div>\n\t\t\t\t<div class=\"sc_testimonials_item_author_data\">\n\t\t\t<h4 class=\"sc_testimonials_item_author_title\">GONCA CELIKER B\u0130LGET (Solistin und Geigenlehrerin am Staatlichen Konservatorium der Universit\u00e4t Kocaeli)<\/h4>\n\t\t\t<div class=\"sc_testimonials_item_author_subtitle\"><\/div>\n\t\t<\/div>\n\t<\/div>\n<\/div>\n<\/div><div class=\"swiper-slide\"><div class=\"sc_testimonials_item\">\n\t<div class=\"sc_testimonials_item_content\"><p>Ich freue mich, die Arbeit von Nurgul Comak empfehlen zu k\u00f6nnen. Sie ist eine Geigenbauerin, die nach h\u00f6chsten Ma\u00dfst\u00e4ben arbeitet, und es war ein Vergn\u00fcgen f\u00fcr Gastk\u00fcnstler, die ich nach Istanbul eingeladen habe, mit den feinen Instrumenten, die sie gebaut hat, aufzutreten.<\/p>\n<\/div>\n\t<div class=\"sc_testimonials_item_author\">\n\t\t\t\t\t<div class=\"sc_testimonials_item_author_avatar\"><img width=\"90\" height=\"70\" src=\"https:\/\/kemanyapimcisi.com\/wp-content\/uploads\/2021\/12\/image00111-1-90x70.jpeg\" class=\"attachment-petermason-thumb-tiny size-petermason-thumb-tiny wp-post-image\" alt=\"JAMES ROSE (Maestro-Londra)\" loading=\"lazy\" \/><\/div>\n\t\t\t\t<div class=\"sc_testimonials_item_author_data\">\n\t\t\t<h4 class=\"sc_testimonials_item_author_title\">JAMES ROSE (Maestro-Londra)<\/h4>\n\t\t\t<div class=\"sc_testimonials_item_author_subtitle\">Director<\/div>\n\t\t<\/div>\n\t<\/div>\n<\/div>\n<\/div><\/div><div class=\"slider_controls_wrap\"><a class=\"slider_prev swiper-button-prev\" href=\"#\"><\/a><a class=\"slider_next swiper-button-next\" href=\"#\"><\/a><\/div><div class=\"slider_pagination_wrap swiper-pagination\"><\/div><\/div><!-- \/.sc_testimonials -->[vc_empty_space height=&#8221;&#8221; hide_on_mobile=&#8221;&#8221;][vc_empty_space height=&#8221;&#8221; alter_height=&#8221;small&#8221; hide_on_mobile=&#8221;&#8221;][vc_empty_space height=&#8221;&#8221; alter_height=&#8221;medium&#8221; hide_on_mobile=&#8221;&#8221;][\/vc_column][\/vc_row][vc_row][vc_column width=&#8221;5\/6&#8243; offset=&#8221;vc_col-lg-offset-1 vc_col-lg-10 vc_col-md-offset-1 vc_col-md-10 vc_col-sm-offset-1 vc_col-xs-12&#8243;][vc_row_inner][vc_column_inner width=&#8221;1\/2&#8243; offset=&#8221;vc_col-lg-4 vc_col-md-4&#8243;][vc_empty_space height=&#8221;&#8221; alter_height=&#8221;small&#8221; hide_on_mobile=&#8221;&#8221;]<div id=\"sc_icons_2103033287\" \n\tclass=\"sc_icons sc_icons_modern sc_icons_size_medium sc_align_left\"><div class=\"sc_icons_item sc_icons_item_linked\"><div id=\"sc_icons_2103033287_icon-facebook\" class=\"sc_icons_icon sc_icon_type_fontawesome icon-facebook\"\n\t\t\t\t\t\t\t\t\t\t\t\t><span class=\"sc_icon_type_fontawesome icon-facebook\"><\/span><\/div>\t\t\t<div class=\"sc_icons_item_description\">\n\t\t\t<h4 class=\"sc_icons_title\"><span>Find us on Facebook<\/span><\/h4>\t\t\t<\/div><a href=\"https:\/\/www.facebook.com\/cmknrgl\/\" class=\"sc_icons_link\"><\/a><\/div><\/div><!-- \/.sc_icons -->[vc_empty_space height=&#8221;&#8221; alter_height=&#8221;small&#8221; hide_on_mobile=&#8221;&#8221;][\/vc_column_inner][vc_column_inner width=&#8221;1\/2&#8243; offset=&#8221;vc_col-lg-4 vc_col-md-4&#8243;][vc_empty_space height=&#8221;&#8221; alter_height=&#8221;small&#8221; hide_on_mobile=&#8221;&#8221;]<div id=\"sc_icons_1169275506\" \n\tclass=\"sc_icons sc_icons_modern sc_icons_size_medium sc_align_left\"><div class=\"sc_icons_item sc_icons_item_linked\"><div id=\"sc_icons_1169275506_icon-youtube\" class=\"sc_icons_icon sc_icon_type_fontawesome icon-youtube\"\n\t\t\t\t\t\t\t\t\t\t\t\t><span class=\"sc_icon_type_fontawesome icon-youtube\"><\/span><\/div>\t\t\t<div class=\"sc_icons_item_description\">\n\t\t\t<h4 class=\"sc_icons_title\"><span>Follow Us on Youtube<\/span><\/h4>\t\t\t<\/div><a href=\"#\" class=\"sc_icons_link\"><\/a><\/div><\/div><!-- \/.sc_icons -->[vc_empty_space height=&#8221;&#8221; alter_height=&#8221;small&#8221; hide_on_mobile=&#8221;&#8221;][\/vc_column_inner][vc_column_inner width=&#8221;1\/2&#8243; offset=&#8221;vc_col-lg-4 vc_col-md-4&#8243;][vc_empty_space height=&#8221;&#8221; alter_height=&#8221;small&#8221; hide_on_mobile=&#8221;&#8221;]<div id=\"sc_icons_1298894969\" \n\tclass=\"sc_icons sc_icons_modern sc_icons_size_medium sc_align_left\"><div class=\"sc_icons_item sc_icons_item_linked\"><div id=\"sc_icons_1298894969_icon-instagramm\" class=\"sc_icons_icon sc_icon_type_fontawesome icon-instagramm\"\n\t\t\t\t\t\t\t\t\t\t\t\t><span class=\"sc_icon_type_fontawesome icon-instagramm\"><\/span><\/div>\t\t\t<div class=\"sc_icons_item_description\">\n\t\t\t<h4 class=\"sc_icons_title\"><span>Follow Us on Instagram<\/span><\/h4>\t\t\t<\/div><a href=\"https:\/\/www.instagram.com\/nurgulcomak_violinmaker\/\" class=\"sc_icons_link\"><\/a><\/div><\/div><!-- \/.sc_icons -->[vc_empty_space height=&#8221;&#8221; alter_height=&#8221;small&#8221; hide_on_mobile=&#8221;&#8221;][\/vc_column_inner][\/vc_row_inner][\/vc_column][\/vc_row]<\/p>","protected":false},"excerpt":{"rendered":"<p>[vc_row][vc_column][vc_column_text][\/vc_column_text][\/vc_column][\/vc_row][vc_row][vc_column][vc_empty_space height=&#8221;&#8221; alter_height=&#8221;small&#8221; hide_on_mobile=&#8221;&#8221;][\/vc_column][\/vc_row][vc_row][vc_column][vc_column_text] [\/vc_column_text][\/vc_column][\/vc_row][vc_row][vc_column][vc_empty_space height=&#8221;&#8221; alter_height=&#8221;small&#8221; hide_on_mobile=&#8221;&#8221;][vc_empty_space height=&#8221;&#8221; alter_height=&#8221;small&#8221; hide_on_mobile=&#8221;&#8221;][vc_empty_space height=&#8221;&#8221; alter_height=&#8221;small&#8221; hide_on_mobile=&#8221;&#8221;][vc_empty_space height=&#8221;&#8221; alter_height=&#8221;small&#8221; hide_on_mobile=&#8221;&#8221;][vc_empty_space height=&#8221;&#8221; alter_height=&#8221;small&#8221; hide_on_mobile=&#8221;&#8221;][\/vc_column][\/vc_row][vc_row full_width=&#8221;stretch_row_content&#8221; scheme=&#8221;dark&#8221; css=&#8221;.vc_custom_1638718989771{background: #000000 url(http:\/\/kemanyapimcisi.com\/wp-content\/uploads\/2016\/11\/background-3.jpg?id=267) !important;}&#8221;][vc_column][vc_empty_space height=&#8221;&#8221; alter_height=&#8221;small&#8221; hide_on_mobile=&#8221;&#8221;][vc_empty_space height=&#8221;&#8221; alter_height=&#8221;large&#8221; hide_on_mobile=&#8221;&#8221;][vc_empty_space height=&#8221;&#8221; hide_on_mobile=&#8221;&#8221;][vc_empty_space height=&#8221;&#8221; alter_height=&#8221;small&#8221; hide_on_mobile=&#8221;&#8221;][vc_empty_space height=&#8221;&#8221; alter_height=&#8221;medium&#8221; hide_on_mobile=&#8221;&#8221;][\/vc_column][\/vc_row][vc_row][vc_column width=&#8221;5\/6&#8243; offset=&#8221;vc_col-lg-offset-1 vc_col-lg-10 vc_col-md-offset-1 vc_col-md-10 vc_col-sm-offset-1 vc_col-xs-12&#8243;][vc_row_inner][vc_column_inner width=&#8221;1\/2&#8243; offset=&#8221;vc_col-lg-4 vc_col-md-4&#8243;][vc_empty_space height=&#8221;&#8221; alter_height=&#8221;small&#8221; hide_on_mobile=&#8221;&#8221;][vc_empty_space height=&#8221;&#8221; alter_height=&#8221;small&#8221; hide_on_mobile=&#8221;&#8221;][\/vc_column_inner][vc_column_inner width=&#8221;1\/2&#8243; offset=&#8221;vc_col-lg-4 vc_col-md-4&#8243;][vc_empty_space height=&#8221;&#8221;&hellip;<\/p>\n","protected":false},"author":1,"featured_media":0,"parent":0,"menu_order":0,"comment_status":"closed","ping_status":"closed","template":"","meta":{"om_disable_all_campaigns":false,"_monsterinsights_skip_tracking":false,"_monsterinsights_sitenote_active":false,"_monsterinsights_sitenote_note":"","_monsterinsights_sitenote_category":0},"_links":{"self":[{"href":"https:\/\/kemanyapimcisi.com\/index.php\/wp-json\/wp\/v2\/pages\/1508"}],"collection":[{"href":"https:\/\/kemanyapimcisi.com\/index.php\/wp-json\/wp\/v2\/pages"}],"about":[{"href":"https:\/\/kemanyapimcisi.com\/index.php\/wp-json\/wp\/v2\/types\/page"}],"author":[{"embeddable":true,"href":"https:\/\/kemanyapimcisi.com\/index.php\/wp-json\/wp\/v2\/users\/1"}],"replies":[{"embeddable":true,"href":"https:\/\/kemanyapimcisi.com\/index.php\/wp-json\/wp\/v2\/comments?post=1508"}],"version-history":[{"count":9,"href":"https:\/\/kemanyapimcisi.com\/index.php\/wp-json\/wp\/v2\/pages\/1508\/revisions"}],"predecessor-version":[{"id":1688,"href":"https:\/\/kemanyapimcisi.com\/index.php\/wp-json\/wp\/v2\/pages\/1508\/revisions\/1688"}],"wp:attachment":[{"href":"https:\/\/kemanyapimcisi.com\/index.php\/wp-json\/wp\/v2\/media?parent=1508"}],"curies":[{"name":"wp","href":"https:\/\/api.w.org\/{rel}","templated":true}]}}