{"id":1327,"date":"2021-12-03T16:52:29","date_gmt":"2021-12-03T13:52:29","guid":{"rendered":"http:\/\/kemanyapimcisi.com\/?page_id=1327"},"modified":"2024-03-14T14:17:54","modified_gmt":"2024-03-14T11:17:54","slug":"referance","status":"publish","type":"page","link":"https:\/\/kemanyapimcisi.com\/index.php\/en\/referance\/","title":{"rendered":"REFERENCE"},"content":{"rendered":"<p>[vc_row][vc_column][vc_column_text]<p>[\/vc_column_text][\/vc_column][\/vc_row][vc_row][vc_column width=&#8221;1\/2&#8243;][vc_column_text]<\/p>\n<h5><strong>Alican Suner (Tonhalle Orchester, Zurich)<\/strong><\/h5>\n<p>I had been following Nurg\u00fcl and her work with admiration since 2022. The dedication and tidiness she shows in her work was very apparent when I met her personally and tried some of her violins in \u0130stanbul. I immediately fell in love with one of her violins, a 1715 Strad copy, and made the decision on the spot to buy it. It has a very beautiful, sweet, feminine sound with a lot of overtones, yet still powerful in the lower registers.<br \/>\nI am proud to have it and hear its development it in my hands, next to my Guadagnini.[\/vc_column_text][\/vc_column][vc_column width=&#8221;1\/2&#8243;][vc_single_image image=&#8221;1662&#8243; img_size=&#8221;medium&#8221; alignment=&#8221;right&#8221; style=&#8221;vc_box_border&#8221; css_animation=&#8221;fadeIn&#8221;][\/vc_column][\/vc_row][vc_row][vc_column][vc_column_text]<\/p>\n[\/vc_column_text][\/vc_column][\/vc_row][vc_row][vc_column][vc_separator color=&#8221;black&#8221;][vc_empty_space hide_on_mobile=&#8221;&#8221;][vc_empty_space hide_on_mobile=&#8221;&#8221;][\/vc_column][\/vc_row][vc_row][vc_column][vc_column_text]<p>[\/vc_column_text][\/vc_column][\/vc_row][vc_row][vc_column width=&#8221;1\/2&#8243;][vc_column_text]<\/p>\n<h5><strong>JAMES ROSSE (Maestro, Londra)<\/strong><\/h5>\n<p>I am delighted to recommend Nurgul Comak\u2019s work. She is a luthier working to the highest standards, and it has been a pleasure for visiting artists I have invited to Istanbul to perform using the fine instruments that she has made.<\/p>\n<p>[\/vc_column_text][\/vc_column][vc_column width=&#8221;1\/2&#8243;][vc_single_image image=&#8221;1379&#8243; img_size=&#8221;medium&#8221; alignment=&#8221;right&#8221; style=&#8221;vc_box_border&#8221; css_animation=&#8221;fadeIn&#8221;][\/vc_column][\/vc_row][vc_row][vc_column width=&#8221;1\/2&#8243;][vc_column_text]<\/p>\n<h5><strong>GONCA CEL\u0130KER B\u0130LGET (Soloist &amp; Kocaeli University State Conservatory Violin Instructor)<\/strong><\/h5>\n<p>Nurg\u00fcl \u00c7omak is a talented, young Lutiye who adds a different interpretation and spirit to her instruments. She is of important value to our country. An artist personality who blends her elegant personality with her fine taste and adds it to her instruments&#8230; The beautiful, balanced timbres and balanced settings of \u00c7omak\u2019s instruments provide great comfort to the instrumentalist. As a performer who uses her instrument, I consider myself very lucky.<\/p>\n<p>Good luck to you Nurg\u00fcl \u00c7omak[\/vc_column_text][\/vc_column][vc_column width=&#8221;1\/2&#8243;][vc_single_image image=&#8221;1378&#8243; img_size=&#8221;medium&#8221; alignment=&#8221;right&#8221; style=&#8221;vc_box_border&#8221; css_animation=&#8221;fadeIn&#8221;][\/vc_column][\/vc_row][vc_row][vc_column][vc_column_text]<\/p>\n[\/vc_column_text][\/vc_column][\/vc_row][vc_row][vc_column][vc_separator color=&#8221;black&#8221;][vc_empty_space hide_on_mobile=&#8221;&#8221;][\/vc_column][\/vc_row][vc_row][vc_column][vc_column_text]<p>[\/vc_column_text][\/vc_column][\/vc_row][vc_row][vc_column width=&#8221;1\/2&#8243;][vc_column_text]<\/p>\n<h5><strong>SERDAR ERKMEN\u0130S (Netherlands\/ Soloist &amp; violin teacher at vioolschool-leidschenveen)<\/strong><\/h5>\n<p>I have been using Nurgul Comak\u2019s violins since 2016 at my violin school in the Hague, Netherlands where I have been running my school and teaching for 20 years. I would like to say that the material quality, aesthetics and, most importantly, sound quality and price ranges are quite affordable. Before purchasing your violins, I recommend you try the instruments of Mrs. Comak.[\/vc_column_text][\/vc_column][vc_column width=&#8221;1\/2&#8243;][vc_single_image image=&#8221;1432&#8243; img_size=&#8221;medium&#8221; alignment=&#8221;right&#8221; style=&#8221;vc_box_border&#8221; css_animation=&#8221;fadeIn&#8221;][\/vc_column][\/vc_row][vc_row][vc_column][vc_column_text]<\/p>\n[\/vc_column_text][\/vc_column][\/vc_row][vc_row][vc_column][vc_separator color=&#8221;black&#8221;][vc_empty_space hide_on_mobile=&#8221;&#8221;][\/vc_column][\/vc_row][vc_row][vc_column][vc_column_text]<p>[\/vc_column_text][\/vc_column][\/vc_row][vc_row][vc_column width=&#8221;1\/2&#8243;][vc_column_text]<\/p>\n<h5><strong>RUSEN GUNES (London Philharmonic Orchestra Viola Artist &amp; soloist)<\/strong><\/h5>\n<p>I play with the viola that Nurg\u00fcl made for me -Guarneri copy- The look and comfort of the instrument, its sound, its growing closer to me, its love for me &#8211; of course, maybe it\u2019s the last perfume I used- \ud83d\ude42 it\u2019s nice having its trust, that the passages that are so difficult fall into my hands in a friendlier way.- we like to be together &#8211; and since there always has been a good friendship between me and the maker, it was written in a happy story as \u201cIt was produced for Rusen Gunes\u201d which means there was no one before me. What I don\u2019t believe in our culture is a bit like that!<\/p>\n<p>Thank you Nurgul Comak[\/vc_column_text][\/vc_column][vc_column width=&#8221;1\/2&#8243;][vc_single_image image=&#8221;1381&#8243; img_size=&#8221;medium&#8221; alignment=&#8221;right&#8221; style=&#8221;vc_box_border&#8221; css_animation=&#8221;fadeIn&#8221;][\/vc_column][\/vc_row][vc_row][vc_column][vc_column_text]<\/p>\n[\/vc_column_text][\/vc_column][\/vc_row][vc_row][vc_column][vc_separator color=&#8221;black&#8221;][vc_empty_space hide_on_mobile=&#8221;&#8221;][\/vc_column][\/vc_row][vc_row][vc_column][vc_column_text]<p>[\/vc_column_text][\/vc_column][\/vc_row][vc_row][vc_column width=&#8221;1\/2&#8243;][vc_column_text]<\/p>\n<h5><strong>LEYLA BERK (Istanbul State Symphony Orchestra violinist)<\/strong><\/h5>\n<p>A phone call from Rusen: \u201cI\u2019m going to buy my viola which I ordered from Nurg\u00fcl, will you come with me?\u201d We went together to her cute little workshop, a wonderful young woman with sparkling eyes. She gave the instrument that she had made with excitement into Ru\u015fen\u2019s hand, a soft and beautiful instrument. Ru\u015fen played the instrument repeatedly, and said, it was very nice. Later, we became friends with Nurg\u00fcl, and I left my instrument in her hands many times. She is a very meticulous researcher, and is a modest, passionate, and reassuring person, and luthier herself.<\/p>\n<p>Dear Nurg\u00fcl, may your way be good.[\/vc_column_text][\/vc_column][vc_column width=&#8221;1\/2&#8243;][vc_single_image image=&#8221;1433&#8243; img_size=&#8221;medium&#8221; alignment=&#8221;right&#8221; style=&#8221;vc_box_border&#8221; css_animation=&#8221;fadeIn&#8221;][\/vc_column][\/vc_row][vc_row][vc_column][vc_column_text]<\/p>\n[\/vc_column_text][\/vc_column][\/vc_row][vc_row][vc_column][vc_separator color=&#8221;black&#8221;][vc_empty_space hide_on_mobile=&#8221;&#8221;][\/vc_column][\/vc_row][vc_row][vc_column][vc_column_text]<p>[\/vc_column_text][\/vc_column][\/vc_row][vc_row][vc_column width=&#8221;1\/2&#8243;][vc_column_text]<\/p>\n<h5><strong>ERMAN TURK\u0130L\u0130 (Istanbul\/ Soloist &amp; Head of B.\u00dc. Music Department &amp; Founder of Science-Art)<\/strong><\/h5>\n<p>We have a friendship that started by chance with Mrs. Nurg\u00fcl and continues with her wonderful work. The most important friend of an instrument artist and the place where he\/she spends the most time is the luthier places, where the color of the sound of his\/her instrument can be changed. I am very lucky to have such a relationship with Nurg\u00fcl. Her professionalism, insistence on ethics and truth, give every artist a lot of confidence.[\/vc_column_text][\/vc_column][vc_column width=&#8221;1\/2&#8243;][vc_single_image image=&#8221;1300&#8243; img_size=&#8221;medium&#8221; alignment=&#8221;right&#8221; style=&#8221;vc_box_border&#8221; css_animation=&#8221;fadeIn&#8221;][\/vc_column][\/vc_row][vc_row][vc_column][vc_column_text]<\/p>\n[\/vc_column_text][\/vc_column][\/vc_row][vc_row][vc_column][vc_separator color=&#8221;black&#8221;][vc_empty_space hide_on_mobile=&#8221;&#8221;][\/vc_column][\/vc_row][vc_row][vc_column][vc_column_text]<p>[\/vc_column_text][\/vc_column][\/vc_row][vc_row][vc_column width=&#8221;1\/2&#8243;][vc_column_text]<\/p>\n<h5><strong>OZAN HANER (Dokuz Eyl\u00fcl University violin instructor)<\/strong><\/h5>\n<p>I love my violin, which she made with masterful hands and only a female point of view, motherhood, and meticulousness of the heart. Thank you, mother of my violin, for being as close as a phone call about your expertise and the instruments you produce.[\/vc_column_text][\/vc_column][vc_column width=&#8221;1\/2&#8243;][vc_single_image image=&#8221;1382&#8243; img_size=&#8221;medium&#8221; alignment=&#8221;right&#8221; style=&#8221;vc_box_border&#8221; css_animation=&#8221;fadeIn&#8221;][\/vc_column][\/vc_row][vc_row][vc_column][vc_column_text]<\/p>\n[\/vc_column_text][\/vc_column][\/vc_row][vc_row][vc_column][vc_separator color=&#8221;black&#8221;][vc_empty_space hide_on_mobile=&#8221;&#8221;][\/vc_column][\/vc_row][vc_row][vc_column][vc_column_text]<p>[\/vc_column_text][\/vc_column][\/vc_row][vc_row][vc_column width=&#8221;1\/2&#8243;][vc_column_text]<\/p>\n<h5><strong>G\u00dcLFEM G\u00dcLER (Soloist)<\/strong><\/h5>\n<p>The beautiful mother of my beautiful violin, who overcame my prejudice titled\u00a0 \u201cA new violin does not sound good.\u201d When you say \u201cI always stand behind my instrument\u201d I would like to thank you for making us feel that you are always behind not only your instrument, but also the instrument you have brought into the world with great mastery and delicacy, and the musician you have delivered into his\/her hands.<\/p>\n<p>Good luck Nurgul Comak[\/vc_column_text][\/vc_column][vc_column width=&#8221;1\/2&#8243;][vc_single_image image=&#8221;1383&#8243; img_size=&#8221;medium&#8221; alignment=&#8221;right&#8221; style=&#8221;vc_box_border&#8221; css_animation=&#8221;fadeIn&#8221;][\/vc_column][\/vc_row][vc_row][vc_column][vc_column_text]<\/p>\n[\/vc_column_text][\/vc_column][\/vc_row][vc_row][vc_column][vc_separator color=&#8221;black&#8221;][vc_empty_space hide_on_mobile=&#8221;&#8221;][\/vc_column][\/vc_row][vc_row][vc_column][vc_column_text]<p>[\/vc_column_text][\/vc_column][\/vc_row][vc_row][vc_column width=&#8221;1\/2&#8243;][vc_column_text]<\/p>\n<h5><strong>MET\u0130N BATUR (Violin instructor &amp; Soloist)<\/strong><\/h5>\n<p>Nurg\u00fcl \u00c7omak is a new source of hope with world-class violins, violas, and cellos. She has been very useful to me and hundreds of my students, both with the instruments she made and with her restorations&#8230;<\/p>\n<p>Thank you Nurgul \u00c7omak[\/vc_column_text][\/vc_column][vc_column width=&#8221;1\/2&#8243;][vc_single_image image=&#8221;1308&#8243; img_size=&#8221;medium&#8221; alignment=&#8221;right&#8221; style=&#8221;vc_box_border&#8221; css_animation=&#8221;fadeIn&#8221;][\/vc_column][\/vc_row][vc_row][vc_column][vc_column_text]<\/p>\n[\/vc_column_text][\/vc_column][\/vc_row][vc_row][vc_column][vc_separator color=&#8221;black&#8221;][vc_empty_space hide_on_mobile=&#8221;&#8221;][\/vc_column][\/vc_row][vc_row][vc_column][vc_column_text]<p>[\/vc_column_text][\/vc_column][\/vc_row][vc_row][vc_column width=&#8221;1\/2&#8243;][vc_column_text]<\/p>\n<h5><strong>MESUT ERCAN (\u0130n\u00f6n\u00fc University Viola Teacher &amp; Soloist)<\/strong><\/h5>\n<p>I can\u2019t thank Nurg\u00fcl \u00c7omak enough for bringing me this magnificent viola of my dreams in 2016. She is a luthier who immediately resolves my requests regarding the instrument, listens patiently in all matters and puts me at ease. I can\u2019t thank her enough.[\/vc_column_text][\/vc_column][vc_column width=&#8221;1\/2&#8243;][vc_single_image image=&#8221;1434&#8243; img_size=&#8221;medium&#8221; alignment=&#8221;right&#8221; style=&#8221;vc_box_border&#8221; css_animation=&#8221;fadeIn&#8221;][\/vc_column][\/vc_row][vc_row][vc_column][vc_column_text]<\/p>\n[\/vc_column_text][\/vc_column][\/vc_row]<\/p>\n","protected":false},"excerpt":{"rendered":"<p>[vc_row][vc_column][vc_column_text][\/vc_column_text][\/vc_column][\/vc_row][vc_row][vc_column][vc_separator color=&#8221;black&#8221;][vc_empty_space hide_on_mobile=&#8221;&#8221;][vc_empty_space hide_on_mobile=&#8221;&#8221;][\/vc_column][\/vc_row][vc_row][vc_column][vc_column_text][\/vc_column_text][\/vc_column][\/vc_row][vc_row][vc_column][vc_separator color=&#8221;black&#8221;][vc_empty_space hide_on_mobile=&#8221;&#8221;][\/vc_column][\/vc_row][vc_row][vc_column][vc_column_text][\/vc_column_text][\/vc_column][\/vc_row][vc_row][vc_column][vc_separator color=&#8221;black&#8221;][vc_empty_space hide_on_mobile=&#8221;&#8221;][\/vc_column][\/vc_row][vc_row][vc_column][vc_column_text][\/vc_column_text][\/vc_column][\/vc_row][vc_row][vc_column][vc_separator color=&#8221;black&#8221;][vc_empty_space hide_on_mobile=&#8221;&#8221;][\/vc_column][\/vc_row][vc_row][vc_column][vc_column_text][\/vc_column_text][\/vc_column][\/vc_row][vc_row][vc_column][vc_separator color=&#8221;black&#8221;][vc_empty_space hide_on_mobile=&#8221;&#8221;][\/vc_column][\/vc_row][vc_row][vc_column][vc_column_text][\/vc_column_text][\/vc_column][\/vc_row][vc_row][vc_column][vc_separator color=&#8221;black&#8221;][vc_empty_space hide_on_mobile=&#8221;&#8221;][\/vc_column][\/vc_row][vc_row][vc_column][vc_column_text][\/vc_column_text][\/vc_column][\/vc_row][vc_row][vc_column][vc_separator color=&#8221;black&#8221;][vc_empty_space hide_on_mobile=&#8221;&#8221;][\/vc_column][\/vc_row][vc_row][vc_column][vc_column_text][\/vc_column_text][\/vc_column][\/vc_row][vc_row][vc_column][vc_separator color=&#8221;black&#8221;][vc_empty_space hide_on_mobile=&#8221;&#8221;][\/vc_column][\/vc_row][vc_row][vc_column][vc_column_text][\/vc_column_text][\/vc_column][\/vc_row][vc_row][vc_column][vc_separator color=&#8221;black&#8221;][vc_empty_space hide_on_mobile=&#8221;&#8221;][\/vc_column][\/vc_row][vc_row][vc_column][vc_column_text][\/vc_column_text][\/vc_column][\/vc_row]<\/p>\n","protected":false},"author":1,"featured_media":0,"parent":0,"menu_order":0,"comment_status":"closed","ping_status":"closed","template":"","meta":{"om_disable_all_campaigns":false,"_monsterinsights_skip_tracking":false,"_monsterinsights_sitenote_active":false,"_monsterinsights_sitenote_note":"","_monsterinsights_sitenote_category":0},"_links":{"self":[{"href":"https:\/\/kemanyapimcisi.com\/index.php\/wp-json\/wp\/v2\/pages\/1327"}],"collection":[{"href":"https:\/\/kemanyapimcisi.com\/index.php\/wp-json\/wp\/v2\/pages"}],"about":[{"href":"https:\/\/kemanyapimcisi.com\/index.php\/wp-json\/wp\/v2\/types\/page"}],"author":[{"embeddable":true,"href":"https:\/\/kemanyapimcisi.com\/index.php\/wp-json\/wp\/v2\/users\/1"}],"replies":[{"embeddable":true,"href":"https:\/\/kemanyapimcisi.com\/index.php\/wp-json\/wp\/v2\/comments?post=1327"}],"version-history":[{"count":10,"href":"https:\/\/kemanyapimcisi.com\/index.php\/wp-json\/wp\/v2\/pages\/1327\/revisions"}],"predecessor-version":[{"id":1667,"href":"https:\/\/kemanyapimcisi.com\/index.php\/wp-json\/wp\/v2\/pages\/1327\/revisions\/1667"}],"wp:attachment":[{"href":"https:\/\/kemanyapimcisi.com\/index.php\/wp-json\/wp\/v2\/media?parent=1327"}],"curies":[{"name":"wp","href":"https:\/\/api.w.org\/{rel}","templated":true}]}}