{"id":1325,"date":"2021-12-03T16:51:35","date_gmt":"2021-12-03T13:51:35","guid":{"rendered":"http:\/\/kemanyapimcisi.com\/?page_id=1325"},"modified":"2026-03-23T12:47:34","modified_gmt":"2026-03-23T09:47:34","slug":"media","status":"publish","type":"page","link":"https:\/\/kemanyapimcisi.com\/index.php\/en\/media\/","title":{"rendered":"MEDIA"},"content":{"rendered":"<p>[vc_row][vc_column][vc_video link=&#8221;https:\/\/www.youtube.com\/watch?v=o9k-rEjNSKU&#8221; title=&#8221;Alican S\u00fcner (Tonhalle Orchester, Zurih)&#8221;][vc_column_text]<\/p>\r\n<p style=\"text-align: center;\">The violin was made by Nurg\u00fcl in 2022.<br \/>Model: Stradivarius &#8220;Il Cremonese&#8221; 1715.<\/p>\r\n<p style=\"text-align: center;\">Halvorsen&#8217;s Passacaglia in G minor (after George Frideric Handel), performed by violinist Alican S\u00fcner &amp; cellist Mattia Zappa.<\/p>\r\n<p style=\"text-align: center;\">Produced by Alican S\u00fcner<br \/>Tonhalle Z\u00fcrich<br \/>July 2024<\/p>\r\n<p style=\"text-align: center;\">www.alicansuner.com<\/p>\r\n<p>[\/vc_column_text][vc_column_text][\/vc_column_text][vc_separator border_width=&#8221;5&#8243;][\/vc_column][\/vc_row][vc_row][vc_column][vc_separator border_width=&#8221;5&#8243;][vc_media_grid gap=&#8221;15&#8243; grid_id=&#8221;vc_gid:1774258970922-41292389-5672-2&#8243; include=&#8221;1619,1617,1594&#8243;][vc_separator border_width=&#8221;5&#8243;][vc_empty_space alter_height=&#8221;large&#8221; hide_on_mobile=&#8221;&#8221;][\/vc_column][\/vc_row][vc_row][vc_column width=&#8221;1\/2&#8243;][vc_video link=&#8221;https:\/\/www.youtube.com\/watch?v=9n-SFytESEI&#8221;][vc_empty_space hide_on_mobile=&#8221;&#8221;][\/vc_column][vc_column width=&#8221;1\/2&#8243;][vc_video link=&#8221;https:\/\/www.youtube.com\/watch?v=5mLIUHnZuYA&#8221;][vc_empty_space hide_on_mobile=&#8221;&#8221;][\/vc_column][\/vc_row][vc_row][vc_column][vc_separator border_width=&#8221;5&#8243;][vc_empty_space alter_height=&#8221;large&#8221; hide_on_mobile=&#8221;&#8221;][\/vc_column][\/vc_row][vc_row][vc_column][vc_media_grid element_width=&#8221;3&#8243; grid_id=&#8221;vc_gid:1774258970922-5e7f3825-93c7-6&#8243; include=&#8221;1702,1701,1700,1699,1698,1697,1696,1695,1694,1693,1692,1691,1461,1458,1454,1453,1452,1451&#8243;][\/vc_column][\/vc_row][vc_column][\/vc_column]<\/p>","protected":false},"excerpt":{"rendered":"<p>[vc_row][vc_column][vc_video link=&#8221;https:\/\/www.youtube.com\/watch?v=o9k-rEjNSKU&#8221; title=&#8221;Alican S\u00fcner (Tonhalle Orchester, Zurih)&#8221;][vc_column_text] The violin was made by Nurg\u00fcl in 2022.Model: Stradivarius &#8220;Il Cremonese&#8221; 1715. Halvorsen&#8217;s Passacaglia in G minor (after George Frideric Handel), performed by violinist Alican S\u00fcner &amp; cellist Mattia Zappa. Produced by Alican S\u00fcnerTonhalle Z\u00fcrichJuly 2024 www.alicansuner.com [\/vc_column_text][vc_column_text][\/vc_column_text][vc_separator border_width=&#8221;5&#8243;][\/vc_column][\/vc_row][vc_row][vc_column][vc_separator border_width=&#8221;5&#8243;][vc_media_grid gap=&#8221;15&#8243; grid_id=&#8221;vc_gid:1774258970922-41292389-5672-2&#8243; include=&#8221;1619,1617,1594&#8243;][vc_separator border_width=&#8221;5&#8243;][vc_empty_space alter_height=&#8221;large&#8221; hide_on_mobile=&#8221;&#8221;][\/vc_column][\/vc_row][vc_row][vc_column width=&#8221;1\/2&#8243;][vc_video link=&#8221;https:\/\/www.youtube.com\/watch?v=9n-SFytESEI&#8221;][vc_empty_space hide_on_mobile=&#8221;&#8221;][\/vc_column][vc_column width=&#8221;1\/2&#8243;][vc_video link=&#8221;https:\/\/www.youtube.com\/watch?v=5mLIUHnZuYA&#8221;][vc_empty_space hide_on_mobile=&#8221;&#8221;][\/vc_column][\/vc_row][vc_row][vc_column][vc_separator border_width=&#8221;5&#8243;][vc_empty_space&hellip;<\/p>\n","protected":false},"author":1,"featured_media":0,"parent":0,"menu_order":0,"comment_status":"closed","ping_status":"closed","template":"","meta":{"om_disable_all_campaigns":false,"_monsterinsights_skip_tracking":false,"_monsterinsights_sitenote_active":false,"_monsterinsights_sitenote_note":"","_monsterinsights_sitenote_category":0},"_links":{"self":[{"href":"https:\/\/kemanyapimcisi.com\/index.php\/wp-json\/wp\/v2\/pages\/1325"}],"collection":[{"href":"https:\/\/kemanyapimcisi.com\/index.php\/wp-json\/wp\/v2\/pages"}],"about":[{"href":"https:\/\/kemanyapimcisi.com\/index.php\/wp-json\/wp\/v2\/types\/page"}],"author":[{"embeddable":true,"href":"https:\/\/kemanyapimcisi.com\/index.php\/wp-json\/wp\/v2\/users\/1"}],"replies":[{"embeddable":true,"href":"https:\/\/kemanyapimcisi.com\/index.php\/wp-json\/wp\/v2\/comments?post=1325"}],"version-history":[{"count":11,"href":"https:\/\/kemanyapimcisi.com\/index.php\/wp-json\/wp\/v2\/pages\/1325\/revisions"}],"predecessor-version":[{"id":1711,"href":"https:\/\/kemanyapimcisi.com\/index.php\/wp-json\/wp\/v2\/pages\/1325\/revisions\/1711"}],"wp:attachment":[{"href":"https:\/\/kemanyapimcisi.com\/index.php\/wp-json\/wp\/v2\/media?parent=1325"}],"curies":[{"name":"wp","href":"https:\/\/api.w.org\/{rel}","templated":true}]}}